{"id":1229,"date":"2018-11-22T09:58:43","date_gmt":"2018-11-22T12:58:43","guid":{"rendered":"https:\/\/des-mis.infd.edu.ar\/sitio\/?page_id=1229"},"modified":"2024-09-03T13:42:52","modified_gmt":"2024-09-03T16:42:52","slug":"cep-n-1","status":"publish","type":"page","link":"https:\/\/des-mis.infd.edu.ar\/sitio\/cep-n-1\/","title":{"rendered":"CEP N\u00b0 1"},"content":{"rendered":"<p><span style=\"font-weight: 400;\">Carrera: <\/span><b><i>T\u00e9cnico Superior en Gastronom\u00eda<\/i><\/b><\/p>\n<p><b>Instituto: CEP N\u00ba 1<\/b><\/p>\n<p><b>Localidad:<\/b><span style=\"font-weight: 400;\"> Posadas<\/span><\/p>\n<p><b>Ubicaci\u00f3n: <\/b><span style=\"font-weight: 400;\">-27.37971, -55.92675<\/span><\/p>\n<p><b>Tel\u00e9fono de contacto: <\/b><span style=\"font-weight: 400;\"> 3764- 728668<\/span><\/p>\n<p><b>Correo Electr\u00f3nico:<\/b><span style=\"font-weight: 400;\"> cep1posadas@gmail.com <\/span><\/p>\n<p><b>Descripci\u00f3n:<\/b><\/p>\n<p><span style=\"font-weight: 400;\">El T\u00e9cnico Superior en Gastronom\u00eda est\u00e1 capacitado para planificar, gestionar y evaluar todas las actividades desarrolladas en el \u00e1mbito y espacio gastron\u00f3mico donde desempe\u00f1a su funci\u00f3n. Podr\u00e1 organizar y gestionar las actividades conforme a las normas de higiene, seguridad y de ambiente en el procesamiento de los alimentos contando con herramientas para la creaci\u00f3n de un emprendimiento propio o asociado. <\/span><\/p>\n","protected":false},"excerpt":{"rendered":"<p>Carrera: T\u00e9cnico Superior en Gastronom\u00eda Instituto: CEP N\u00ba 1 Localidad: Posadas Ubicaci\u00f3n: -27.37971, -55.92675 Tel\u00e9fono de contacto: 3764- 728668 Correo Electr\u00f3nico: cep1posadas@gmail.com Descripci\u00f3n: El T\u00e9cnico Superior en Gastronom\u00eda est\u00e1 capacitado para planificar, gestionar y evaluar todas las actividades desarrolladas en el \u00e1mbito y espacio gastron\u00f3mico donde desempe\u00f1a su funci\u00f3n. Podr\u00e1 organizar y gestionar las actividades &#8230; <a title=\"CEP N\u00b0 1\" class=\"read-more\" href=\"https:\/\/des-mis.infd.edu.ar\/sitio\/cep-n-1\/\" aria-label=\"More on CEP N\u00b0 1\">[+]<\/a><\/p>\n","protected":false},"author":34,"featured_media":0,"parent":0,"menu_order":0,"comment_status":"closed","ping_status":"closed","template":"","meta":[],"acf":[],"_links":{"self":[{"href":"https:\/\/des-mis.infd.edu.ar\/sitio\/wp-json\/wp\/v2\/pages\/1229"}],"collection":[{"href":"https:\/\/des-mis.infd.edu.ar\/sitio\/wp-json\/wp\/v2\/pages"}],"about":[{"href":"https:\/\/des-mis.infd.edu.ar\/sitio\/wp-json\/wp\/v2\/types\/page"}],"author":[{"embeddable":true,"href":"https:\/\/des-mis.infd.edu.ar\/sitio\/wp-json\/wp\/v2\/users\/34"}],"replies":[{"embeddable":true,"href":"https:\/\/des-mis.infd.edu.ar\/sitio\/wp-json\/wp\/v2\/comments?post=1229"}],"version-history":[{"count":2,"href":"https:\/\/des-mis.infd.edu.ar\/sitio\/wp-json\/wp\/v2\/pages\/1229\/revisions"}],"predecessor-version":[{"id":2214,"href":"https:\/\/des-mis.infd.edu.ar\/sitio\/wp-json\/wp\/v2\/pages\/1229\/revisions\/2214"}],"wp:attachment":[{"href":"https:\/\/des-mis.infd.edu.ar\/sitio\/wp-json\/wp\/v2\/media?parent=1229"}],"curies":[{"name":"wp","href":"https:\/\/api.w.org\/{rel}","templated":true}]}}