{"id":1232,"date":"2018-11-22T09:59:08","date_gmt":"2018-11-22T12:59:08","guid":{"rendered":"https:\/\/des-mis.infd.edu.ar\/sitio\/?page_id=1232"},"modified":"2018-11-22T10:27:51","modified_gmt":"2018-11-22T13:27:51","slug":"cep-n-62","status":"publish","type":"page","link":"https:\/\/des-mis.infd.edu.ar\/sitio\/cep-n-62\/","title":{"rendered":"CEP N\u00b0 62"},"content":{"rendered":"<p><span style=\"font-weight: 400;\">2- Carrera: <\/span><b><i>T\u00e9cnico Superior en An\u00e1lisis de Sistemas Inform\u00e1ticos<\/i><\/b><\/p>\n<p><b>Instituto: CEP N\u00ba 62<\/b><\/p>\n<p><b>Localidad:<\/b><span style=\"font-weight: 400;\"> Santo Pip\u00f3<\/span><\/p>\n<p><b>Ubicaci\u00f3n: <\/b><span style=\"font-weight: 400;\">-27.13558, -55.41504<\/span><\/p>\n<p><b>Tel\u00e9fono de contacto: <\/b><\/p>\n<p><b>Correo Electr\u00f3nico:<\/b> <span style=\"font-weight: 400;\">cep62superior@gmail.com<\/span><\/p>\n<p>&nbsp;<\/p>\n<p><b>Descripci\u00f3n:<\/b><\/p>\n<p><span style=\"font-weight: 400;\">El T\u00e9cnico Superior en Programaci\u00f3n y An\u00e1lisis de Sistemas est\u00e1 capacitado para producir artefactos de software que permita la resoluci\u00f3n u optimizaci\u00f3n de flujo de informaci\u00f3n de un sistema, organizaci\u00f3n o empresa. Comprende su dise\u00f1o detallado, construcci\u00f3n (reutilizando elementos existentes o program\u00e1ndolos enteramente) verificaci\u00f3n, depuraci\u00f3n, optimizaci\u00f3n y mantenimiento.<\/span><\/p>\n<p>&nbsp;<\/p>\n","protected":false},"excerpt":{"rendered":"<p>2- Carrera: T\u00e9cnico Superior en An\u00e1lisis de Sistemas Inform\u00e1ticos Instituto: CEP N\u00ba 62 Localidad: Santo Pip\u00f3 Ubicaci\u00f3n: -27.13558, -55.41504 Tel\u00e9fono de contacto: Correo Electr\u00f3nico: cep62superior@gmail.com &nbsp; Descripci\u00f3n: El T\u00e9cnico Superior en Programaci\u00f3n y An\u00e1lisis de Sistemas est\u00e1 capacitado para producir artefactos de software que permita la resoluci\u00f3n u optimizaci\u00f3n de flujo de informaci\u00f3n de un &#8230; <a title=\"CEP N\u00b0 62\" class=\"read-more\" href=\"https:\/\/des-mis.infd.edu.ar\/sitio\/cep-n-62\/\" aria-label=\"More on CEP N\u00b0 62\">[+]<\/a><\/p>\n","protected":false},"author":34,"featured_media":0,"parent":0,"menu_order":0,"comment_status":"closed","ping_status":"closed","template":"","meta":[],"acf":[],"_links":{"self":[{"href":"https:\/\/des-mis.infd.edu.ar\/sitio\/wp-json\/wp\/v2\/pages\/1232"}],"collection":[{"href":"https:\/\/des-mis.infd.edu.ar\/sitio\/wp-json\/wp\/v2\/pages"}],"about":[{"href":"https:\/\/des-mis.infd.edu.ar\/sitio\/wp-json\/wp\/v2\/types\/page"}],"author":[{"embeddable":true,"href":"https:\/\/des-mis.infd.edu.ar\/sitio\/wp-json\/wp\/v2\/users\/34"}],"replies":[{"embeddable":true,"href":"https:\/\/des-mis.infd.edu.ar\/sitio\/wp-json\/wp\/v2\/comments?post=1232"}],"version-history":[{"count":1,"href":"https:\/\/des-mis.infd.edu.ar\/sitio\/wp-json\/wp\/v2\/pages\/1232\/revisions"}],"predecessor-version":[{"id":1234,"href":"https:\/\/des-mis.infd.edu.ar\/sitio\/wp-json\/wp\/v2\/pages\/1232\/revisions\/1234"}],"wp:attachment":[{"href":"https:\/\/des-mis.infd.edu.ar\/sitio\/wp-json\/wp\/v2\/media?parent=1232"}],"curies":[{"name":"wp","href":"https:\/\/api.w.org\/{rel}","templated":true}]}}