{"id":1236,"date":"2018-11-22T10:11:42","date_gmt":"2018-11-22T13:11:42","guid":{"rendered":"https:\/\/des-mis.infd.edu.ar\/sitio\/?page_id=1236"},"modified":"2019-02-22T12:38:37","modified_gmt":"2019-02-22T15:38:37","slug":"colegio-provincial-no-1-martin-de-moussy","status":"publish","type":"page","link":"https:\/\/des-mis.infd.edu.ar\/sitio\/colegio-provincial-no-1-martin-de-moussy\/","title":{"rendered":"COLEGIO PROVINCIAL N\u00ba 1 &#8211; MART\u00cdN DE MOUSSY"},"content":{"rendered":"<p><img decoding=\"async\" loading=\"lazy\" src=\"https:\/\/des-mis.infd.edu.ar\/sitio\/wp-content\/uploads\/2018\/12\/desarrollo-1000x233.jpg\" alt=\"\" width=\"1000\" height=\"233\" class=\"alignnone size-medium wp-image-1710\" srcset=\"https:\/\/des-mis.infd.edu.ar\/sitio\/wp-content\/uploads\/2018\/12\/desarrollo-1000x233.jpg 1000w, https:\/\/des-mis.infd.edu.ar\/sitio\/wp-content\/uploads\/2018\/12\/desarrollo-768x179.jpg 768w, https:\/\/des-mis.infd.edu.ar\/sitio\/wp-content\/uploads\/2018\/12\/desarrollo-1900x442.jpg 1900w\" sizes=\"(max-width: 1000px) 100vw, 1000px\" \/><br \/>\n<b>Localidad:<\/b><span style=\"font-weight: 400;\"> Posadas<\/span><br \/>\n<b>Ubicaci\u00f3n: <\/b><span style=\"font-weight: 400;\">-27.37037,-55.8961<\/span><br \/>\n<iframe loading=\"lazy\" src=\"https:\/\/www.google.com\/maps\/embed?pb=!1m18!1m12!1m3!1d3543.1712977558072!2d-55.89829405104139!3d-27.370365218950944!2m3!1f0!2f0!3f0!3m2!1i1024!2i768!4f13.1!3m3!1m2!1s0x0%3A0x0!2zMjfCsDIyJzEzLjMiUyA1NcKwNTMnNDYuMCJX!5e0!3m2!1ses!2sar!4v1550849264906\" width=\"600\" height=\"450\" frameborder=\"0\" style=\"border:0\" allowfullscreen><\/iframe><br \/>\n<b>Tel\u00e9fono de contacto: <\/b><span style=\"font-weight: 400;\">\u00a0376 4425665<\/span><br \/>\n<b>Correo Electr\u00f3nico:<\/b><span style=\"font-weight: 400;\"> superiormoussy@gmail.com<\/span><\/p>\n<h3><span style=\"font-weight: 400;\">Carrera: <\/span><b><i>T\u00e9cnico Superior en Bromatolog\u00eda<\/i><\/b><\/h3>\n<p><b>Descripci\u00f3n:<\/b><br \/>\n<span style=\"font-weight: 400;\">El T\u00e9cnico Superior en Bromatolog\u00eda est\u00e1 capacitado para aplicar y transferir conocimientos, habilidades, destrezas, valores y actitudes en situaciones reales de trabajo, conforme a criterios de profesionalidad propios de su \u00e1rea y \u00a0responsabilidad social al inspeccionar, asesorar, realizar correctas y representativas tomas de muestras de productos, sustancias y elementos empleados en la producci\u00f3n, elaboraci\u00f3n, distribuci\u00f3n, almacenamiento y\/o lugares donde se fabriquen y comercialicen alimentos.<\/span><\/p>\n<p><img decoding=\"async\" loading=\"lazy\" src=\"https:\/\/des-mis.infd.edu.ar\/sitio\/wp-content\/uploads\/2018\/12\/contabilidad-1000x234.jpg\" alt=\"\" width=\"1000\" height=\"234\" class=\"alignnone size-medium wp-image-1709\" srcset=\"https:\/\/des-mis.infd.edu.ar\/sitio\/wp-content\/uploads\/2018\/12\/contabilidad-1000x234.jpg 1000w, https:\/\/des-mis.infd.edu.ar\/sitio\/wp-content\/uploads\/2018\/12\/contabilidad-768x179.jpg 768w, https:\/\/des-mis.infd.edu.ar\/sitio\/wp-content\/uploads\/2018\/12\/contabilidad-1900x444.jpg 1900w\" sizes=\"(max-width: 1000px) 100vw, 1000px\" \/><\/p>\n<h3><span style=\"font-weight: 400;\">Carrera: <\/span><b><i>T\u00e9cnico Superior en Econom\u00eda Social y Desarrollo Local<\/i><\/b><\/h3>\n<p><b>Descripci\u00f3n:<\/b><br \/>\n<span style=\"font-weight: 400;\">El T\u00e9cnico Superior en Econom\u00eda Social y Desarrollo Local estar\u00e1 capacitado para desempe\u00f1arse desde un enfoque de desarrollo local en \u00e1reas socio-econ\u00f3micas, culturales y productivas, en organismos gubernamentales y no gubernamentales (municipalidades, ONGs, cooperativas, emprendimientos familiares e individuales, redes, instituciones de la sociedad civil, comunidades locales). Tambi\u00e9n podr\u00e1 gestionar y desarrollar emprendimientos colectivos en diferentes contextos (rurales, urbanos y peri-urbanos) y con distintas modalidades (redes, programas, proyectos).<\/span><\/p>\n<p><img decoding=\"async\" loading=\"lazy\" src=\"https:\/\/des-mis.infd.edu.ar\/sitio\/wp-content\/uploads\/2018\/12\/ambiental-1-1000x233.jpg\" alt=\"\" width=\"1000\" height=\"233\" class=\"alignnone size-medium wp-image-1745\" srcset=\"https:\/\/des-mis.infd.edu.ar\/sitio\/wp-content\/uploads\/2018\/12\/ambiental-1-1000x233.jpg 1000w, https:\/\/des-mis.infd.edu.ar\/sitio\/wp-content\/uploads\/2018\/12\/ambiental-1-768x179.jpg 768w, https:\/\/des-mis.infd.edu.ar\/sitio\/wp-content\/uploads\/2018\/12\/ambiental-1-1900x443.jpg 1900w\" sizes=\"(max-width: 1000px) 100vw, 1000px\" \/><\/p>\n<h3><span style=\"font-weight: 400;\">Carrera: <\/span><b><i>T\u00e9cnico Superior en Gesti\u00f3n Ambiental<\/i><\/b><\/h3>\n<p><b>Descripci\u00f3n:<\/b><br \/>\n<span style=\"font-weight: 400;\">El t\u00e9cnico Superior en gesti\u00f3n Ambiental estar\u00e1 capacitado para: participar en estudios de impacto ambiental; en proyectos referidos al ordenamiento territorial y realizar estudios de diagn\u00f3stico ambiental; extraer y manipular muestras de suelos, aguas, sustancias gaseosas, productos qu\u00edmicos; aplicar la tecnolog\u00eda de Sistemas de Informaci\u00f3n Geogr\u00e1fica en estudios ambientales; generar propuestas, programas y\/o proyectos orientados a resolver problemas ambientales , sugiriendo soluciones sustentables; fomentar la incorporaci\u00f3n de la variable ambiental como un valor agregado en la comercializaci\u00f3n de servicios y productos y planificar e implementar programas y campa\u00f1as de informaci\u00f3n y educaci\u00f3n ambiental, entre otras.<\/span><\/p>\n","protected":false},"excerpt":{"rendered":"<p>Localidad: Posadas Ubicaci\u00f3n: -27.37037,-55.8961 Tel\u00e9fono de contacto: \u00a0376 4425665 Correo Electr\u00f3nico: superiormoussy@gmail.com Carrera: T\u00e9cnico Superior en Bromatolog\u00eda Descripci\u00f3n: El T\u00e9cnico Superior en Bromatolog\u00eda est\u00e1 capacitado para aplicar y transferir conocimientos, habilidades, destrezas, valores y actitudes en situaciones reales de trabajo, conforme a criterios de profesionalidad propios de su \u00e1rea y \u00a0responsabilidad social al inspeccionar, asesorar, &#8230; <a title=\"COLEGIO PROVINCIAL N\u00ba 1 &#8211; MART\u00cdN DE MOUSSY\" class=\"read-more\" href=\"https:\/\/des-mis.infd.edu.ar\/sitio\/colegio-provincial-no-1-martin-de-moussy\/\" aria-label=\"More on COLEGIO PROVINCIAL N\u00ba 1 &#8211; MART\u00cdN DE MOUSSY\">[+]<\/a><\/p>\n","protected":false},"author":34,"featured_media":0,"parent":0,"menu_order":0,"comment_status":"closed","ping_status":"closed","template":"","meta":[],"acf":[],"_links":{"self":[{"href":"https:\/\/des-mis.infd.edu.ar\/sitio\/wp-json\/wp\/v2\/pages\/1236"}],"collection":[{"href":"https:\/\/des-mis.infd.edu.ar\/sitio\/wp-json\/wp\/v2\/pages"}],"about":[{"href":"https:\/\/des-mis.infd.edu.ar\/sitio\/wp-json\/wp\/v2\/types\/page"}],"author":[{"embeddable":true,"href":"https:\/\/des-mis.infd.edu.ar\/sitio\/wp-json\/wp\/v2\/users\/34"}],"replies":[{"embeddable":true,"href":"https:\/\/des-mis.infd.edu.ar\/sitio\/wp-json\/wp\/v2\/comments?post=1236"}],"version-history":[{"count":7,"href":"https:\/\/des-mis.infd.edu.ar\/sitio\/wp-json\/wp\/v2\/pages\/1236\/revisions"}],"predecessor-version":[{"id":1888,"href":"https:\/\/des-mis.infd.edu.ar\/sitio\/wp-json\/wp\/v2\/pages\/1236\/revisions\/1888"}],"wp:attachment":[{"href":"https:\/\/des-mis.infd.edu.ar\/sitio\/wp-json\/wp\/v2\/media?parent=1236"}],"curies":[{"name":"wp","href":"https:\/\/api.w.org\/{rel}","templated":true}]}}