{"id":1248,"date":"2018-11-22T10:23:50","date_gmt":"2018-11-22T13:23:50","guid":{"rendered":"https:\/\/des-mis.infd.edu.ar\/sitio\/?page_id=1248"},"modified":"2019-02-22T10:22:17","modified_gmt":"2019-02-22T13:22:17","slug":"comercio-n-3","status":"publish","type":"page","link":"https:\/\/des-mis.infd.edu.ar\/sitio\/comercio-n-3\/","title":{"rendered":"Comercio N\u00b0 3"},"content":{"rendered":"<p><img decoding=\"async\" loading=\"lazy\" class=\"alignnone size-medium wp-image-1709\" src=\"https:\/\/des-mis.infd.edu.ar\/sitio\/wp-content\/uploads\/2018\/12\/contabilidad-1000x234.jpg\" alt=\"\" width=\"1000\" height=\"234\" srcset=\"https:\/\/des-mis.infd.edu.ar\/sitio\/wp-content\/uploads\/2018\/12\/contabilidad-1000x234.jpg 1000w, https:\/\/des-mis.infd.edu.ar\/sitio\/wp-content\/uploads\/2018\/12\/contabilidad-768x179.jpg 768w, https:\/\/des-mis.infd.edu.ar\/sitio\/wp-content\/uploads\/2018\/12\/contabilidad-1900x444.jpg 1900w\" sizes=\"(max-width: 1000px) 100vw, 1000px\" \/><br \/>\n<b>Localidad:<\/b><span style=\"font-weight: 400;\"> Ap\u00f3stoles<\/span><br \/>\n<b>Ubicaci\u00f3n: <\/b><span style=\"font-weight: 400;\">-27.91195, -55.74595<\/span><br \/>\n<iframe loading=\"lazy\" style=\"border: 0;\" src=\"https:\/\/www.google.com\/maps\/embed?pb=!1m14!1m8!1m3!1d14102.549019083763!2d-55.754901!3d-27.913103!3m2!1i1024!2i768!4f13.1!3m3!1m2!1s0x0%3A0x3abfe9543a0670f5!2sEscuela+Superior+en+Comercio+Exterior+n%C2%B03!5e0!3m2!1ses!2sar!4v1545275647887\" width=\"600\" height=\"450\" frameborder=\"0\" allowfullscreen=\"allowfullscreen\"><\/iframe><br \/>\n<b>Tel\u00e9fono de contacto: <\/b><span style=\"font-weight: 400;\">\u00a003758 &#8211; 422531<\/span><br \/>\n<b>Correo Electr\u00f3nico:<\/b><span style=\"font-weight: 400;\"> comerciotecnicaturas@gmail.com<\/span><\/p>\n<h3><span style=\"font-weight: 400;\">Carrera: <\/span><b><i>T\u00e9cnico Superior Analista Administrativo Contable<\/i><\/b><\/h3>\n<p><b>Descripci\u00f3n:<\/b><br \/>\n<span style=\"font-weight: 400;\">El T\u00e9cnico Superior en Analista Administrativo Contable podr\u00e1 desempe\u00f1arse laboralmente en el \u00e1mbito p\u00fablico y\/o privado; ya sea, econ\u00f3mico, comercial, industrial, financiero, estudios contables. Proporcionando datos \u00a0imprescindibles a la direcci\u00f3n y toma de decisiones de la empresa. Podr\u00e1 realizar tareas afines a la especialidad administrativa, manejo de PC, tenedur\u00eda de libros, gesti\u00f3n bancaria, municipal, DGR, AFIP, Costos, Liquidaci\u00f3n de sueldos, etc.<\/span><\/p>\n<p><img decoding=\"async\" loading=\"lazy\" class=\"alignnone size-medium wp-image-1707\" src=\"https:\/\/des-mis.infd.edu.ar\/sitio\/wp-content\/uploads\/2018\/12\/comercio-1000x234.jpg\" alt=\"\" width=\"1000\" height=\"234\" srcset=\"https:\/\/des-mis.infd.edu.ar\/sitio\/wp-content\/uploads\/2018\/12\/comercio-1000x234.jpg 1000w, https:\/\/des-mis.infd.edu.ar\/sitio\/wp-content\/uploads\/2018\/12\/comercio-768x179.jpg 768w, https:\/\/des-mis.infd.edu.ar\/sitio\/wp-content\/uploads\/2018\/12\/comercio-1900x444.jpg 1900w\" sizes=\"(max-width: 1000px) 100vw, 1000px\" \/><\/p>\n<h3><span style=\"font-weight: 400;\">Carrera: <\/span><b><i>T\u00e9cnico Superior en Comercio Internacional, Transporte y Log\u00edstica<\/i><\/b><\/h3>\n<p><b>Descripci\u00f3n:<\/b><br \/>\n<span style=\"font-weight: 400;\">El T\u00e9cnico Superior en Comercio Internacional, Transporte y Log\u00edstica podr\u00e1 realizar estudios de mercado y dise\u00f1ar estrategias de inserci\u00f3n comercial. Organizar, gestionar y controlar las operaciones de transporte de mercader\u00eda y las actividades log\u00edsticas de la empresa. Confeccionar los despachos de importaci\u00f3n- exportaci\u00f3n y los expedientes requeridos por la DGA y otros organismos. Manejo del sistema inform\u00e1tico Mar\u00eda. Promover productos y servicios a nivel nacional e internacional.<\/span><\/p>\n","protected":false},"excerpt":{"rendered":"<p>Localidad: Ap\u00f3stoles Ubicaci\u00f3n: -27.91195, -55.74595 Tel\u00e9fono de contacto: \u00a003758 &#8211; 422531 Correo Electr\u00f3nico: comerciotecnicaturas@gmail.com Carrera: T\u00e9cnico Superior Analista Administrativo Contable Descripci\u00f3n: El T\u00e9cnico Superior en Analista Administrativo Contable podr\u00e1 desempe\u00f1arse laboralmente en el \u00e1mbito p\u00fablico y\/o privado; ya sea, econ\u00f3mico, comercial, industrial, financiero, estudios contables. Proporcionando datos \u00a0imprescindibles a la direcci\u00f3n y toma de decisiones &#8230; <a title=\"Comercio N\u00b0 3\" class=\"read-more\" href=\"https:\/\/des-mis.infd.edu.ar\/sitio\/comercio-n-3\/\" aria-label=\"More on Comercio N\u00b0 3\">[+]<\/a><\/p>\n","protected":false},"author":34,"featured_media":0,"parent":0,"menu_order":0,"comment_status":"closed","ping_status":"closed","template":"","meta":[],"acf":[],"_links":{"self":[{"href":"https:\/\/des-mis.infd.edu.ar\/sitio\/wp-json\/wp\/v2\/pages\/1248"}],"collection":[{"href":"https:\/\/des-mis.infd.edu.ar\/sitio\/wp-json\/wp\/v2\/pages"}],"about":[{"href":"https:\/\/des-mis.infd.edu.ar\/sitio\/wp-json\/wp\/v2\/types\/page"}],"author":[{"embeddable":true,"href":"https:\/\/des-mis.infd.edu.ar\/sitio\/wp-json\/wp\/v2\/users\/34"}],"replies":[{"embeddable":true,"href":"https:\/\/des-mis.infd.edu.ar\/sitio\/wp-json\/wp\/v2\/comments?post=1248"}],"version-history":[{"count":8,"href":"https:\/\/des-mis.infd.edu.ar\/sitio\/wp-json\/wp\/v2\/pages\/1248\/revisions"}],"predecessor-version":[{"id":1849,"href":"https:\/\/des-mis.infd.edu.ar\/sitio\/wp-json\/wp\/v2\/pages\/1248\/revisions\/1849"}],"wp:attachment":[{"href":"https:\/\/des-mis.infd.edu.ar\/sitio\/wp-json\/wp\/v2\/media?parent=1248"}],"curies":[{"name":"wp","href":"https:\/\/api.w.org\/{rel}","templated":true}]}}