{"id":1257,"date":"2018-11-22T10:28:39","date_gmt":"2018-11-22T13:28:39","guid":{"rendered":"https:\/\/des-mis.infd.edu.ar\/sitio\/?page_id=1257"},"modified":"2019-02-16T17:57:59","modified_gmt":"2019-02-16T20:57:59","slug":"escuela-normal-superior-estados-unidos-del-brasil","status":"publish","type":"page","link":"https:\/\/des-mis.infd.edu.ar\/sitio\/escuela-normal-superior-estados-unidos-del-brasil\/","title":{"rendered":"Escuela Normal Superior Estados Unidos del Brasil"},"content":{"rendered":"<p>&nbsp;<br \/>\n<img decoding=\"async\" loading=\"lazy\" class=\"alignnone size-medium wp-image-1690\" src=\"https:\/\/des-mis.infd.edu.ar\/sitio\/wp-content\/uploads\/2018\/12\/aartistica-1000x233.jpg\" alt=\"\" width=\"1000\" height=\"233\" srcset=\"https:\/\/des-mis.infd.edu.ar\/sitio\/wp-content\/uploads\/2018\/12\/aartistica-1000x233.jpg 1000w, https:\/\/des-mis.infd.edu.ar\/sitio\/wp-content\/uploads\/2018\/12\/aartistica-768x179.jpg 768w, https:\/\/des-mis.infd.edu.ar\/sitio\/wp-content\/uploads\/2018\/12\/aartistica-1900x442.jpg 1900w\" sizes=\"(max-width: 1000px) 100vw, 1000px\" \/><br \/>\n<b>Localidad:<\/b><span style=\"font-weight: 400;\"> Posadas<\/span><br \/>\n<b>Ubicaci\u00f3n: <\/b><b>-27.36328, -55.8894<\/b><br \/>\n<iframe loading=\"lazy\" src=\"https:\/\/www.google.com\/maps\/embed?pb=!1m14!1m12!1m3!1d3543.461790144119!2d-55.896078686757456!3d-27.36128998293644!2m3!1f0!2f0!3f0!3m2!1i1024!2i768!4f13.1!5e0!3m2!1ses!2sar!4v1550350291831\" width=\"600\" height=\"450\" frameborder=\"0\" style=\"border:0\" allowfullscreen><\/iframe><\/p>\n<p><b>Tel\u00e9fono de contacto: <\/b><span style=\"font-weight: 400;\">\u00a0<\/span><span style=\"font-weight: 400;\">0376-4423139<\/span><br \/>\n<b>Correo Electr\u00f3nico: <\/b><span style=\"font-weight: 400;\">tecnicaturasuperiorenactuacion@hotmail.com<\/span><br \/>\n&nbsp;<\/p>\n<h3><b>Carrera: <\/b><b>T\u00e9cnico Superior en Actuaci\u00f3n<\/b><\/h3>\n<p><b>Descripci\u00f3n:<\/b><br \/>\n<span style=\"font-weight: 400;\">Son T\u00e9cnicos con especialidad en actuaci\u00f3n,donde podr\u00e1n trabajar socio comunitariamente en producciones art\u00edsticas, desarrollar diversos proyectos y acciones pol\u00edticas y culturales tendientes a la promoci\u00f3n de la actuaci\u00f3n en los campos de las artes esc\u00e9nicas y audiovisuales. Y contribuir al desarrollo del arte, la educaci\u00f3n, la cultura y la sociedad misionera, facilitando la articulaci\u00f3n interdisciplinaria e interinstitucional dentro y fuera de la provincia. Podr\u00e1n desempe\u00f1arse ejerciendo \u00a0la actuaci\u00f3n en organismos p\u00fablicos y privados, en el \u00e1mbito de las artes esc\u00e9nicas y audiovisuales. Las proyecciones laborales para los T\u00e9cnicos Superiores en Actuaci\u00f3n responden a la creciente demanda de profesionales capacitados producida por las pol\u00edticas de promoci\u00f3n del audiovisual, las artes esc\u00e9nicas y la televisi\u00f3n digital abierta, entre otras, en el marco del desarrollo de nuestra identidad cultural.<\/span><\/p>\n","protected":false},"excerpt":{"rendered":"<p>&nbsp; Localidad: Posadas Ubicaci\u00f3n: -27.36328, -55.8894 Tel\u00e9fono de contacto: \u00a00376-4423139 Correo Electr\u00f3nico: tecnicaturasuperiorenactuacion@hotmail.com &nbsp; Carrera: T\u00e9cnico Superior en Actuaci\u00f3n Descripci\u00f3n: Son T\u00e9cnicos con especialidad en actuaci\u00f3n,donde podr\u00e1n trabajar socio comunitariamente en producciones art\u00edsticas, desarrollar diversos proyectos y acciones pol\u00edticas y culturales tendientes a la promoci\u00f3n de la actuaci\u00f3n en los campos de las artes esc\u00e9nicas &#8230; <a title=\"Escuela Normal Superior Estados Unidos del Brasil\" class=\"read-more\" href=\"https:\/\/des-mis.infd.edu.ar\/sitio\/escuela-normal-superior-estados-unidos-del-brasil\/\" aria-label=\"More on Escuela Normal Superior Estados Unidos del Brasil\">[+]<\/a><\/p>\n","protected":false},"author":34,"featured_media":0,"parent":0,"menu_order":0,"comment_status":"closed","ping_status":"closed","template":"","meta":[],"acf":[],"_links":{"self":[{"href":"https:\/\/des-mis.infd.edu.ar\/sitio\/wp-json\/wp\/v2\/pages\/1257"}],"collection":[{"href":"https:\/\/des-mis.infd.edu.ar\/sitio\/wp-json\/wp\/v2\/pages"}],"about":[{"href":"https:\/\/des-mis.infd.edu.ar\/sitio\/wp-json\/wp\/v2\/types\/page"}],"author":[{"embeddable":true,"href":"https:\/\/des-mis.infd.edu.ar\/sitio\/wp-json\/wp\/v2\/users\/34"}],"replies":[{"embeddable":true,"href":"https:\/\/des-mis.infd.edu.ar\/sitio\/wp-json\/wp\/v2\/comments?post=1257"}],"version-history":[{"count":3,"href":"https:\/\/des-mis.infd.edu.ar\/sitio\/wp-json\/wp\/v2\/pages\/1257\/revisions"}],"predecessor-version":[{"id":1824,"href":"https:\/\/des-mis.infd.edu.ar\/sitio\/wp-json\/wp\/v2\/pages\/1257\/revisions\/1824"}],"wp:attachment":[{"href":"https:\/\/des-mis.infd.edu.ar\/sitio\/wp-json\/wp\/v2\/media?parent=1257"}],"curies":[{"name":"wp","href":"https:\/\/api.w.org\/{rel}","templated":true}]}}