{"id":1260,"date":"2018-11-22T10:29:38","date_gmt":"2018-11-22T13:29:38","guid":{"rendered":"https:\/\/des-mis.infd.edu.ar\/sitio\/?page_id=1260"},"modified":"2019-02-22T12:10:41","modified_gmt":"2019-02-22T15:10:41","slug":"epet-n-1","status":"publish","type":"page","link":"https:\/\/des-mis.infd.edu.ar\/sitio\/epet-n-1\/","title":{"rendered":"EPET N\u00b0 1"},"content":{"rendered":"<p><img decoding=\"async\" loading=\"lazy\" src=\"https:\/\/des-mis.infd.edu.ar\/sitio\/wp-content\/uploads\/2018\/12\/construccion-1000x233.jpg\" alt=\"\" width=\"1000\" height=\"233\" class=\"alignnone size-medium wp-image-1708\" srcset=\"https:\/\/des-mis.infd.edu.ar\/sitio\/wp-content\/uploads\/2018\/12\/construccion-1000x233.jpg 1000w, https:\/\/des-mis.infd.edu.ar\/sitio\/wp-content\/uploads\/2018\/12\/construccion-768x179.jpg 768w, https:\/\/des-mis.infd.edu.ar\/sitio\/wp-content\/uploads\/2018\/12\/construccion-1900x443.jpg 1900w\" sizes=\"(max-width: 1000px) 100vw, 1000px\" \/><br \/>\n<b>Instituto: <\/b><b>EPET N\u00ba 1<\/b><br \/>\n<b>Localidad:<\/b><span style=\"font-weight: 400;\"> Posadas<\/span><br \/>\n<b>Ubicaci\u00f3n: <\/b><span style=\"font-weight: 400;\">-27.3675, -55.90489<\/span><br \/>\n<iframe loading=\"lazy\" src=\"https:\/\/www.google.com\/maps\/embed?pb=!1m18!1m12!1m3!1d3543.2631741997457!2d-55.907084051041494!3d-27.36749521882861!2m3!1f0!2f0!3f0!3m2!1i1024!2i768!4f13.1!3m3!1m2!1s0x0%3A0x0!2zMjfCsDIyJzAzLjAiUyA1NcKwNTQnMTcuNiJX!5e0!3m2!1ses!2sar!4v1550848129836\" width=\"600\" height=\"450\" frameborder=\"0\" style=\"border:0\" allowfullscreen><\/iframe><br \/>\n<b>Tel\u00e9fono de contacto: <\/b><span style=\"font-weight: 400;\">\u00a0443-2336<\/span><br \/>\n<b>Correo Electr\u00f3nico:<\/b><span style=\"font-weight: 400;\"> info@epet1.edu.ar<\/span><\/p>\n<h3><span style=\"font-weight: 400;\">Carrera: <\/span><b><i>T\u00e9cnico Superior Construcciones Civiles<\/i><\/b><\/h3>\n<p><b>Descripci\u00f3n:<\/b><br \/>\n<span style=\"font-weight: 400;\">La tecnicatura est\u00e1 orientada a formar profesionales habilitados para proyectar, calcular, dirigir y construir edificios de Planta baja, un subsuelo, cuatro pisos y dependencias en azotea. Realizar el proyecto, direcci\u00f3n y y\/o ejecuci\u00f3n de cualquier tipo de instalaciones de obras sanitarias domiciliarias comerciales o industriales. Instalaciones de gas domiciliarias, comerciales e industriales hasta (10 kg\/cm2).Instalaciones el\u00e9ctricas mono y trif\u00e1sicas hasta hasta 50 KVA y 250 V de tensi\u00f3n.<\/span><\/p>\n","protected":false},"excerpt":{"rendered":"<p>Instituto: EPET N\u00ba 1 Localidad: Posadas Ubicaci\u00f3n: -27.3675, -55.90489 Tel\u00e9fono de contacto: \u00a0443-2336 Correo Electr\u00f3nico: info@epet1.edu.ar Carrera: T\u00e9cnico Superior Construcciones Civiles Descripci\u00f3n: La tecnicatura est\u00e1 orientada a formar profesionales habilitados para proyectar, calcular, dirigir y construir edificios de Planta baja, un subsuelo, cuatro pisos y dependencias en azotea. Realizar el proyecto, direcci\u00f3n y y\/o ejecuci\u00f3n &#8230; <a title=\"EPET N\u00b0 1\" class=\"read-more\" href=\"https:\/\/des-mis.infd.edu.ar\/sitio\/epet-n-1\/\" aria-label=\"More on EPET N\u00b0 1\">[+]<\/a><\/p>\n","protected":false},"author":34,"featured_media":0,"parent":0,"menu_order":0,"comment_status":"closed","ping_status":"closed","template":"","meta":[],"acf":[],"_links":{"self":[{"href":"https:\/\/des-mis.infd.edu.ar\/sitio\/wp-json\/wp\/v2\/pages\/1260"}],"collection":[{"href":"https:\/\/des-mis.infd.edu.ar\/sitio\/wp-json\/wp\/v2\/pages"}],"about":[{"href":"https:\/\/des-mis.infd.edu.ar\/sitio\/wp-json\/wp\/v2\/types\/page"}],"author":[{"embeddable":true,"href":"https:\/\/des-mis.infd.edu.ar\/sitio\/wp-json\/wp\/v2\/users\/34"}],"replies":[{"embeddable":true,"href":"https:\/\/des-mis.infd.edu.ar\/sitio\/wp-json\/wp\/v2\/comments?post=1260"}],"version-history":[{"count":5,"href":"https:\/\/des-mis.infd.edu.ar\/sitio\/wp-json\/wp\/v2\/pages\/1260\/revisions"}],"predecessor-version":[{"id":1880,"href":"https:\/\/des-mis.infd.edu.ar\/sitio\/wp-json\/wp\/v2\/pages\/1260\/revisions\/1880"}],"wp:attachment":[{"href":"https:\/\/des-mis.infd.edu.ar\/sitio\/wp-json\/wp\/v2\/media?parent=1260"}],"curies":[{"name":"wp","href":"https:\/\/api.w.org\/{rel}","templated":true}]}}