{"id":1266,"date":"2018-11-22T11:35:16","date_gmt":"2018-11-22T14:35:16","guid":{"rendered":"https:\/\/des-mis.infd.edu.ar\/sitio\/?page_id=1266"},"modified":"2019-02-22T12:42:22","modified_gmt":"2019-02-22T15:42:22","slug":"epet-n-5","status":"publish","type":"page","link":"https:\/\/des-mis.infd.edu.ar\/sitio\/epet-n-5\/","title":{"rendered":"EPET N\u00b0 5"},"content":{"rendered":"<p><img decoding=\"async\" loading=\"lazy\" src=\"https:\/\/des-mis.infd.edu.ar\/sitio\/wp-content\/uploads\/2018\/12\/electromecanica-1000x233.jpg\" alt=\"\" width=\"1000\" height=\"233\" class=\"alignnone size-medium wp-image-1731\" srcset=\"https:\/\/des-mis.infd.edu.ar\/sitio\/wp-content\/uploads\/2018\/12\/electromecanica-1000x233.jpg 1000w, https:\/\/des-mis.infd.edu.ar\/sitio\/wp-content\/uploads\/2018\/12\/electromecanica-768x179.jpg 768w, https:\/\/des-mis.infd.edu.ar\/sitio\/wp-content\/uploads\/2018\/12\/electromecanica-1900x443.jpg 1900w\" sizes=\"(max-width: 1000px) 100vw, 1000px\" \/><br \/>\n<b>Localidad:<\/b><span style=\"font-weight: 400;\"> Ap\u00f3stoles<\/span><br \/>\n<b>Ubicaci\u00f3n: <\/b><span style=\"font-weight: 400;\">-27.90648, -55.75023<\/span><\/p>\n<p><b>Tel\u00e9fono de contacto: <\/b><span style=\"font-weight: 400;\">\u00a03758- 4423902<\/span><br \/>\n<b>Correo Electr\u00f3nico:<\/b><span style=\"font-weight: 400;\"> epet5misiones@yahoo.com.ar<\/span><\/p>\n<h3><span style=\"font-weight: 400;\">Carrera: <\/span><b><i>T\u00e9cnico Superior en Dise\u00f1o y Montaje de Instalaciones Electromec\u00e1nicas<\/i><\/b><\/h3>\n<p><b>Descripci\u00f3n:<\/b><br \/>\n<span style=\"font-weight: 400;\">La Tecnicatura Superior en Dise\u00f1o y Montaje de Instalaciones Electromec\u00e1nica: Son t\u00e9cnicos especialistas con la habilidad para \u00a0proyectar, dise\u00f1ar equipos e Instalaciones mec\u00e1nicas, electromec\u00e1nicas de sistemas neum\u00e1ticos, \u00f3leo hidr\u00e1ulicas y sus componentes. Podr\u00e1n desempe\u00f1arse en la planificaci\u00f3n, programaci\u00f3n \u00a0y control en la producci\u00f3n de servicios auxiliares de plantas industriales, de edificios y de infraestructura urbana entre otros.<\/span><\/p>\n","protected":false},"excerpt":{"rendered":"<p>Localidad: Ap\u00f3stoles Ubicaci\u00f3n: -27.90648, -55.75023 Tel\u00e9fono de contacto: \u00a03758- 4423902 Correo Electr\u00f3nico: epet5misiones@yahoo.com.ar Carrera: T\u00e9cnico Superior en Dise\u00f1o y Montaje de Instalaciones Electromec\u00e1nicas Descripci\u00f3n: La Tecnicatura Superior en Dise\u00f1o y Montaje de Instalaciones Electromec\u00e1nica: Son t\u00e9cnicos especialistas con la habilidad para \u00a0proyectar, dise\u00f1ar equipos e Instalaciones mec\u00e1nicas, electromec\u00e1nicas de sistemas neum\u00e1ticos, \u00f3leo hidr\u00e1ulicas y sus &#8230; <a title=\"EPET N\u00b0 5\" class=\"read-more\" href=\"https:\/\/des-mis.infd.edu.ar\/sitio\/epet-n-5\/\" aria-label=\"More on EPET N\u00b0 5\">[+]<\/a><\/p>\n","protected":false},"author":34,"featured_media":0,"parent":0,"menu_order":0,"comment_status":"closed","ping_status":"closed","template":"","meta":[],"acf":[],"_links":{"self":[{"href":"https:\/\/des-mis.infd.edu.ar\/sitio\/wp-json\/wp\/v2\/pages\/1266"}],"collection":[{"href":"https:\/\/des-mis.infd.edu.ar\/sitio\/wp-json\/wp\/v2\/pages"}],"about":[{"href":"https:\/\/des-mis.infd.edu.ar\/sitio\/wp-json\/wp\/v2\/types\/page"}],"author":[{"embeddable":true,"href":"https:\/\/des-mis.infd.edu.ar\/sitio\/wp-json\/wp\/v2\/users\/34"}],"replies":[{"embeddable":true,"href":"https:\/\/des-mis.infd.edu.ar\/sitio\/wp-json\/wp\/v2\/comments?post=1266"}],"version-history":[{"count":3,"href":"https:\/\/des-mis.infd.edu.ar\/sitio\/wp-json\/wp\/v2\/pages\/1266\/revisions"}],"predecessor-version":[{"id":1890,"href":"https:\/\/des-mis.infd.edu.ar\/sitio\/wp-json\/wp\/v2\/pages\/1266\/revisions\/1890"}],"wp:attachment":[{"href":"https:\/\/des-mis.infd.edu.ar\/sitio\/wp-json\/wp\/v2\/media?parent=1266"}],"curies":[{"name":"wp","href":"https:\/\/api.w.org\/{rel}","templated":true}]}}