{"id":1272,"date":"2018-11-22T11:36:53","date_gmt":"2018-11-22T14:36:53","guid":{"rendered":"https:\/\/des-mis.infd.edu.ar\/sitio\/?page_id=1272"},"modified":"2019-02-22T10:52:24","modified_gmt":"2019-02-22T13:52:24","slug":"escuela-normal-superior-no-10","status":"publish","type":"page","link":"https:\/\/des-mis.infd.edu.ar\/sitio\/escuela-normal-superior-no-10\/","title":{"rendered":"Escuela Normal Superior N\u00ba 10"},"content":{"rendered":"<p><img decoding=\"async\" loading=\"lazy\" class=\"alignnone size-medium wp-image-1709\" src=\"https:\/\/des-mis.infd.edu.ar\/sitio\/wp-content\/uploads\/2018\/12\/contabilidad-1000x234.jpg\" alt=\"\" width=\"1000\" height=\"234\" srcset=\"https:\/\/des-mis.infd.edu.ar\/sitio\/wp-content\/uploads\/2018\/12\/contabilidad-1000x234.jpg 1000w, https:\/\/des-mis.infd.edu.ar\/sitio\/wp-content\/uploads\/2018\/12\/contabilidad-768x179.jpg 768w, https:\/\/des-mis.infd.edu.ar\/sitio\/wp-content\/uploads\/2018\/12\/contabilidad-1900x444.jpg 1900w\" sizes=\"(max-width: 1000px) 100vw, 1000px\" \/><br \/>\n<b>Localidad:<\/b><span style=\"font-weight: 400;\"> Posadas<\/span><br \/>\n<b>Ubicaci\u00f3n: <\/b><span style=\"font-weight: 400;\">-27.37926, -55.90862<\/span><br \/>\n<iframe loading=\"lazy\" src=\"https:\/\/www.google.com\/maps\/embed?pb=!1m18!1m12!1m3!1d3542.8864953549974!2d-55.908620000000006!3d-27.37926!2m3!1f0!2f0!3f0!3m2!1i1024!2i768!4f13.1!3m3!1m2!1s0x0%3A0x0!2zMjfCsDIyJzQ1LjMiUyA1NcKwNTQnMzEuMCJX!5e0!3m2!1ses!2sar!4v1550843064325\" width=\"600\" height=\"450\" frameborder=\"0\" style=\"border:0\" allowfullscreen><\/iframe><br \/>\n<b>Tel\u00e9fono de contacto: <\/b><span style=\"font-weight: 400;\">\u00a00376 &#8211; 4447403<\/span><br \/>\n<b>Correo Electr\u00f3nico:<\/b><span style=\"font-weight: 400;\"> secretarianormal10@gmail.com<\/span><\/p>\n<h3><span style=\"font-weight: 400;\">Carrera: <\/span><b><i>T\u00e9cnico Superior en Administraci\u00f3n Contable<\/i><\/b><\/h3>\n<p><b>Descripci\u00f3n:<\/b><br \/>\n<span style=\"font-weight: 400;\">En la Tecnicatura Superior en Administraci\u00f3n Contable el egresado est\u00e1 capacitado para el tratamiento, manejo y procesamiento de informaci\u00f3n administrativa y contable, para participar en programas y proyectos socioecon\u00f3micos, en micro-emprendimientos, empresas unipersonales \u00a0mixtas, p\u00fablicas o privadas. Maneja todas las estrategias para la administraci\u00f3n y gesti\u00f3n de empresas con las TICs necesarias. En la pr\u00e1cticas profesionalizantes, realiza la inserci\u00f3n laboral y adquiere experiencias que le permiten desarrollar su rol profesional con la ejecuci\u00f3n de los saberes y competencias fundamentales. Las mismas, se llevan a cabo en instituciones p\u00fablicas y privadas, las cuales son rentadas y la gran mayor\u00eda de los pasantes, se inserta en las mismas luego de la demostraci\u00f3n de expertez.<\/span><\/p>\n<p><img decoding=\"async\" loading=\"lazy\" class=\"alignnone size-medium wp-image-1714\" src=\"https:\/\/des-mis.infd.edu.ar\/sitio\/wp-content\/uploads\/2018\/12\/informatica-1000x233.jpg\" alt=\"\" width=\"1000\" height=\"233\" srcset=\"https:\/\/des-mis.infd.edu.ar\/sitio\/wp-content\/uploads\/2018\/12\/informatica-1000x233.jpg 1000w, https:\/\/des-mis.infd.edu.ar\/sitio\/wp-content\/uploads\/2018\/12\/informatica-768x179.jpg 768w, https:\/\/des-mis.infd.edu.ar\/sitio\/wp-content\/uploads\/2018\/12\/informatica-1900x443.jpg 1900w\" sizes=\"(max-width: 1000px) 100vw, 1000px\" \/><\/p>\n<h3><span style=\"font-weight: 400;\">Carrera: <\/span><b><i>T\u00e9cnico Superior en An\u00e1lisis de Sistemas<\/i><\/b><\/h3>\n<p><b>Descripci\u00f3n:<\/b><br \/>\n<span style=\"font-weight: 400;\">Los T\u00e9cnicos Superiores \u00a0de estas carreras estar\u00e1n habilitados para trabajar en empresas P\u00fablicas o Privadas, comercios, organismos o dependencias que utilicen Sistemas de Informaci\u00f3n computarizados. Podr\u00e1n elaborar y corregir programas en distintos lenguajes, realizar la elaboraci\u00f3n detallada de tareas espec\u00edficas. Analizar, depurar y transferir la informaci\u00f3n procesada al especialista que la ha de utilizar.<\/span><\/p>\n","protected":false},"excerpt":{"rendered":"<p>Localidad: Posadas Ubicaci\u00f3n: -27.37926, -55.90862 Tel\u00e9fono de contacto: \u00a00376 &#8211; 4447403 Correo Electr\u00f3nico: secretarianormal10@gmail.com Carrera: T\u00e9cnico Superior en Administraci\u00f3n Contable Descripci\u00f3n: En la Tecnicatura Superior en Administraci\u00f3n Contable el egresado est\u00e1 capacitado para el tratamiento, manejo y procesamiento de informaci\u00f3n administrativa y contable, para participar en programas y proyectos socioecon\u00f3micos, en micro-emprendimientos, empresas unipersonales \u00a0mixtas, &#8230; <a title=\"Escuela Normal Superior N\u00ba 10\" class=\"read-more\" href=\"https:\/\/des-mis.infd.edu.ar\/sitio\/escuela-normal-superior-no-10\/\" aria-label=\"More on Escuela Normal Superior N\u00ba 10\">[+]<\/a><\/p>\n","protected":false},"author":34,"featured_media":0,"parent":0,"menu_order":0,"comment_status":"closed","ping_status":"closed","template":"","meta":[],"acf":[],"_links":{"self":[{"href":"https:\/\/des-mis.infd.edu.ar\/sitio\/wp-json\/wp\/v2\/pages\/1272"}],"collection":[{"href":"https:\/\/des-mis.infd.edu.ar\/sitio\/wp-json\/wp\/v2\/pages"}],"about":[{"href":"https:\/\/des-mis.infd.edu.ar\/sitio\/wp-json\/wp\/v2\/types\/page"}],"author":[{"embeddable":true,"href":"https:\/\/des-mis.infd.edu.ar\/sitio\/wp-json\/wp\/v2\/users\/34"}],"replies":[{"embeddable":true,"href":"https:\/\/des-mis.infd.edu.ar\/sitio\/wp-json\/wp\/v2\/comments?post=1272"}],"version-history":[{"count":6,"href":"https:\/\/des-mis.infd.edu.ar\/sitio\/wp-json\/wp\/v2\/pages\/1272\/revisions"}],"predecessor-version":[{"id":1854,"href":"https:\/\/des-mis.infd.edu.ar\/sitio\/wp-json\/wp\/v2\/pages\/1272\/revisions\/1854"}],"wp:attachment":[{"href":"https:\/\/des-mis.infd.edu.ar\/sitio\/wp-json\/wp\/v2\/media?parent=1272"}],"curies":[{"name":"wp","href":"https:\/\/api.w.org\/{rel}","templated":true}]}}