{"id":1275,"date":"2018-11-22T11:37:39","date_gmt":"2018-11-22T14:37:39","guid":{"rendered":"https:\/\/des-mis.infd.edu.ar\/sitio\/?page_id=1275"},"modified":"2019-02-16T17:36:58","modified_gmt":"2019-02-16T20:36:58","slug":"escuela-superior-de-danzas","status":"publish","type":"page","link":"https:\/\/des-mis.infd.edu.ar\/sitio\/escuela-superior-de-danzas\/","title":{"rendered":"Escuela Superior de Danzas"},"content":{"rendered":"<p><img decoding=\"async\" loading=\"lazy\" class=\"alignnone size-medium wp-image-1715\" src=\"https:\/\/des-mis.infd.edu.ar\/sitio\/wp-content\/uploads\/2018\/12\/musica-1000x233.jpg\" alt=\"\" width=\"1000\" height=\"233\" srcset=\"https:\/\/des-mis.infd.edu.ar\/sitio\/wp-content\/uploads\/2018\/12\/musica-1000x233.jpg 1000w, https:\/\/des-mis.infd.edu.ar\/sitio\/wp-content\/uploads\/2018\/12\/musica-768x179.jpg 768w, https:\/\/des-mis.infd.edu.ar\/sitio\/wp-content\/uploads\/2018\/12\/musica-1900x443.jpg 1900w\" sizes=\"(max-width: 1000px) 100vw, 1000px\" \/><br \/>\n<b>Localidad:<\/b><span style=\"font-weight: 400;\"> Posadas<\/span><br \/>\n<b>Ubicaci\u00f3n: <\/b><span style=\"font-weight: 400;\">-27.36129, -55.89389<\/span><br \/>\n&nbsp;<br \/>\n<iframe loading=\"lazy\" src=\"https:\/\/www.google.com\/maps\/embed?pb=!1m18!1m12!1m3!1d3543.461790144119!2d-55.896078686757456!3d-27.36128998293644!2m3!1f0!2f0!3f0!3m2!1i1024!2i768!4f13.1!3m3!1m2!1s0x0%3A0x0!2zMjfCsDIxJzQwLjYiUyA1NcKwNTMnMzguMCJX!5e0!3m2!1ses!2sar!4v1550347683128\" width=\"600\" height=\"450\" frameborder=\"0\" style=\"border:0\" allowfullscreen><\/iframe><br \/>\n<b>Tel\u00e9fono de contacto: <\/b><span style=\"font-weight: 400;\">\u00a00376 4423143<\/span><br \/>\n<b>Correo Electr\u00f3nico:<\/b><span style=\"font-weight: 400;\"> isfd691@gmail.com<\/span><br \/>\n&nbsp;<\/p>\n<h3><b>Carrera: <\/b><b>T\u00e9cnico Superior en Producci\u00f3n Art\u00edstica Integral <\/b><\/h3>\n<p><b>Descripci\u00f3n:<\/b><br \/>\n<span style=\"font-weight: 400;\">El Productor Art\u00edstico Integral trabajar\u00e1 de manera te\u00f3rico-pr\u00e1ctica respondiendo a los nuevos paradigmas de la producci\u00f3n art\u00edstica que vincula a las TIC con la integraci\u00f3n de los lenguajes art\u00edsticos:<\/span><\/p>\n<ul>\n<li><span style=\"font-weight: 400;\"> Producci\u00f3n, an\u00e1lisis y procesamiento integral de los lenguajes art\u00edsticos<\/span><\/li>\n<li><span style=\"font-weight: 400;\"> Asistencia y operaci\u00f3n de entornos tecnol\u00f3gicos para la producci\u00f3n art\u00edstica.<\/span><\/li>\n<li><span style=\"font-weight: 400;\"> Integraci\u00f3n de equipos multidisciplinarios en \u00a0organizaciones de eventos art\u00edsticos y de espect\u00e1culos, la industria cultural, galer\u00edas de arte, compa\u00f1\u00edas de danza-teatro, empresas culturales, como as\u00ed tambi\u00e9n al trabajo en los medios masivos de comunicaci\u00f3n, productoras audiovisuales, empresas multimediales, editoriales y fundaciones.<\/span><\/li>\n<\/ul>\n","protected":false},"excerpt":{"rendered":"<p>Localidad: Posadas Ubicaci\u00f3n: -27.36129, -55.89389 &nbsp; Tel\u00e9fono de contacto: \u00a00376 4423143 Correo Electr\u00f3nico: isfd691@gmail.com &nbsp; Carrera: T\u00e9cnico Superior en Producci\u00f3n Art\u00edstica Integral Descripci\u00f3n: El Productor Art\u00edstico Integral trabajar\u00e1 de manera te\u00f3rico-pr\u00e1ctica respondiendo a los nuevos paradigmas de la producci\u00f3n art\u00edstica que vincula a las TIC con la integraci\u00f3n de los lenguajes art\u00edsticos: Producci\u00f3n, an\u00e1lisis y &#8230; <a title=\"Escuela Superior de Danzas\" class=\"read-more\" href=\"https:\/\/des-mis.infd.edu.ar\/sitio\/escuela-superior-de-danzas\/\" aria-label=\"More on Escuela Superior de Danzas\">[+]<\/a><\/p>\n","protected":false},"author":34,"featured_media":0,"parent":0,"menu_order":0,"comment_status":"closed","ping_status":"closed","template":"","meta":[],"acf":[],"_links":{"self":[{"href":"https:\/\/des-mis.infd.edu.ar\/sitio\/wp-json\/wp\/v2\/pages\/1275"}],"collection":[{"href":"https:\/\/des-mis.infd.edu.ar\/sitio\/wp-json\/wp\/v2\/pages"}],"about":[{"href":"https:\/\/des-mis.infd.edu.ar\/sitio\/wp-json\/wp\/v2\/types\/page"}],"author":[{"embeddable":true,"href":"https:\/\/des-mis.infd.edu.ar\/sitio\/wp-json\/wp\/v2\/users\/34"}],"replies":[{"embeddable":true,"href":"https:\/\/des-mis.infd.edu.ar\/sitio\/wp-json\/wp\/v2\/comments?post=1275"}],"version-history":[{"count":6,"href":"https:\/\/des-mis.infd.edu.ar\/sitio\/wp-json\/wp\/v2\/pages\/1275\/revisions"}],"predecessor-version":[{"id":1820,"href":"https:\/\/des-mis.infd.edu.ar\/sitio\/wp-json\/wp\/v2\/pages\/1275\/revisions\/1820"}],"wp:attachment":[{"href":"https:\/\/des-mis.infd.edu.ar\/sitio\/wp-json\/wp\/v2\/media?parent=1275"}],"curies":[{"name":"wp","href":"https:\/\/api.w.org\/{rel}","templated":true}]}}