{"id":1278,"date":"2018-11-22T11:39:00","date_gmt":"2018-11-22T14:39:00","guid":{"rendered":"https:\/\/des-mis.infd.edu.ar\/sitio\/?page_id=1278"},"modified":"2019-02-16T17:58:43","modified_gmt":"2019-02-16T20:58:43","slug":"escuela-superior-de-musica","status":"publish","type":"page","link":"https:\/\/des-mis.infd.edu.ar\/sitio\/escuela-superior-de-musica\/","title":{"rendered":"Escuela Superior de M\u00fasica"},"content":{"rendered":"<p><img decoding=\"async\" loading=\"lazy\" class=\"alignnone size-medium wp-image-1715\" src=\"https:\/\/des-mis.infd.edu.ar\/sitio\/wp-content\/uploads\/2018\/12\/musica-1000x233.jpg\" alt=\"\" width=\"1000\" height=\"233\" srcset=\"https:\/\/des-mis.infd.edu.ar\/sitio\/wp-content\/uploads\/2018\/12\/musica-1000x233.jpg 1000w, https:\/\/des-mis.infd.edu.ar\/sitio\/wp-content\/uploads\/2018\/12\/musica-768x179.jpg 768w, https:\/\/des-mis.infd.edu.ar\/sitio\/wp-content\/uploads\/2018\/12\/musica-1900x443.jpg 1900w\" sizes=\"(max-width: 1000px) 100vw, 1000px\" \/><\/p>\n<p><b>Localidad:<\/b><span style=\"font-weight: 400;\"> Posadas<\/span><br \/>\n<b>Ubicaci\u00f3n: <\/b><span style=\"font-weight: 400;\">-27.36129, -55.89389<\/span><\/p>\n<p><iframe loading=\"lazy\" style=\"border: 0;\" src=\"https:\/\/www.google.com\/maps\/embed?pb=!1m18!1m12!1m3!1d3543.461789598009!2d-55.893890000000006!3d-27.36129!2m3!1f0!2f0!3f0!3m2!1i1024!2i768!4f13.1!3m3!1m2!1s0x0%3A0x0!2zMjfCsDIxJzQwLjYiUyA1NcKwNTMnMzguMCJX!5e0!3m2!1ses!2sar!4v1550345283991\" width=\"600\" height=\"450\" frameborder=\"0\" allowfullscreen=\"allowfullscreen\"><\/iframe><br \/>\n<b>Tel\u00e9fono de contacto: <\/b><span style=\"font-weight: 400;\">\u00a00376 4423143<\/span><br \/>\n<b>Correo Electr\u00f3nico:<\/b><span style=\"font-weight: 400;\"> esmu.misiones@gmail.com<\/span><\/p>\n<h3><b>Carrera: <\/b><b>T\u00e9cnico Superior en Musicalizaci\u00f3n y Sonorizaci\u00f3n con Medios Electroac\u00fasticos <\/b><\/h3>\n<p><b>Descripci\u00f3n:<\/b><br \/>\n<span style=\"font-weight: 400;\">El egresado como T\u00e9cnico Superior en Sonorizaci\u00f3n y Musicalizaci\u00f3n con Medios Electroac\u00fasticos ser\u00e1 competente para: \u2022 Montar un estudio de grabaci\u00f3n. \u2022 Trabajar en medios de comunicaci\u00f3n audiovisuales. \u2022 Trabajar en centros de post-producci\u00f3n de imagen y sonido. \u2022 Elaborar jingles, m\u00fasica para publicidad, teatro, programas de TV y cine. \u2022 Desempe\u00f1arse como responsable de Foley \u2022 Asesorar a int\u00e9rpretes y\/o grupos de musicales. \u2022 Formular y llevar a cabo proyectos de producci\u00f3n.<\/span><\/p>\n<h3><b>Carrera: <\/b><b>T\u00e9cnico Superior en Int\u00e9rprete de M\u00fasica Popular <\/b><\/h3>\n<p><b>Descripci\u00f3n:<\/b><br \/>\n<span style=\"font-weight: 400;\">El egresado como Int\u00e9rprete Superior en M\u00fasica Popular (piano, teclado el\u00e9ctrico, guitarra, guitarra el\u00e9ctrica, contrabajo, bajo el\u00e9ctrico, acorde\u00f3n, bater\u00eda, percusi\u00f3n, violin, canto, trompeta, clarinete, saxof\u00f3n con orientaci\u00f3n folklore, blues y jazz y\/o rock), ser\u00e1 competente para: \u2022 Integrar y formar conjuntos, ensambles y orquestas profesionales. \u2022 Iniciar carreras como solista. \u2022 Dirigir grupos musicales. \u2022 Improvisar en diversos estilos. \u2022 Coordinar talleres de m\u00fasica popular. \u2022 Desempe\u00f1arse como asistente de grupos musicales \u2022 Asesorar a int\u00e9rpretes y\/o grupos de m\u00fasica popular \u2022 Formular y llevar a cabo proyectos de producci\u00f3n.<\/span><\/p>\n","protected":false},"excerpt":{"rendered":"<p>Localidad: Posadas Ubicaci\u00f3n: -27.36129, -55.89389 Tel\u00e9fono de contacto: \u00a00376 4423143 Correo Electr\u00f3nico: esmu.misiones@gmail.com Carrera: T\u00e9cnico Superior en Musicalizaci\u00f3n y Sonorizaci\u00f3n con Medios Electroac\u00fasticos Descripci\u00f3n: El egresado como T\u00e9cnico Superior en Sonorizaci\u00f3n y Musicalizaci\u00f3n con Medios Electroac\u00fasticos ser\u00e1 competente para: \u2022 Montar un estudio de grabaci\u00f3n. \u2022 Trabajar en medios de comunicaci\u00f3n audiovisuales. \u2022 Trabajar en &#8230; <a title=\"Escuela Superior de M\u00fasica\" class=\"read-more\" href=\"https:\/\/des-mis.infd.edu.ar\/sitio\/escuela-superior-de-musica\/\" aria-label=\"More on Escuela Superior de M\u00fasica\">[+]<\/a><\/p>\n","protected":false},"author":34,"featured_media":0,"parent":0,"menu_order":0,"comment_status":"closed","ping_status":"closed","template":"","meta":[],"acf":[],"_links":{"self":[{"href":"https:\/\/des-mis.infd.edu.ar\/sitio\/wp-json\/wp\/v2\/pages\/1278"}],"collection":[{"href":"https:\/\/des-mis.infd.edu.ar\/sitio\/wp-json\/wp\/v2\/pages"}],"about":[{"href":"https:\/\/des-mis.infd.edu.ar\/sitio\/wp-json\/wp\/v2\/types\/page"}],"author":[{"embeddable":true,"href":"https:\/\/des-mis.infd.edu.ar\/sitio\/wp-json\/wp\/v2\/users\/34"}],"replies":[{"embeddable":true,"href":"https:\/\/des-mis.infd.edu.ar\/sitio\/wp-json\/wp\/v2\/comments?post=1278"}],"version-history":[{"count":9,"href":"https:\/\/des-mis.infd.edu.ar\/sitio\/wp-json\/wp\/v2\/pages\/1278\/revisions"}],"predecessor-version":[{"id":1818,"href":"https:\/\/des-mis.infd.edu.ar\/sitio\/wp-json\/wp\/v2\/pages\/1278\/revisions\/1818"}],"wp:attachment":[{"href":"https:\/\/des-mis.infd.edu.ar\/sitio\/wp-json\/wp\/v2\/media?parent=1278"}],"curies":[{"name":"wp","href":"https:\/\/api.w.org\/{rel}","templated":true}]}}