{"id":1284,"date":"2018-11-22T11:58:01","date_gmt":"2018-11-22T14:58:01","guid":{"rendered":"https:\/\/des-mis.infd.edu.ar\/sitio\/?page_id=1284"},"modified":"2019-02-22T11:21:04","modified_gmt":"2019-02-22T14:21:04","slug":"instituto-superior-en-seguridad-vial","status":"publish","type":"page","link":"https:\/\/des-mis.infd.edu.ar\/sitio\/instituto-superior-en-seguridad-vial\/","title":{"rendered":"Instituto Superior en Seguridad Vial"},"content":{"rendered":"<p><img decoding=\"async\" loading=\"lazy\" class=\"alignnone size-medium wp-image-1745\" src=\"https:\/\/des-mis.infd.edu.ar\/sitio\/wp-content\/uploads\/2018\/12\/ambiental-1-1000x233.jpg\" alt=\"\" width=\"1000\" height=\"233\" srcset=\"https:\/\/des-mis.infd.edu.ar\/sitio\/wp-content\/uploads\/2018\/12\/ambiental-1-1000x233.jpg 1000w, https:\/\/des-mis.infd.edu.ar\/sitio\/wp-content\/uploads\/2018\/12\/ambiental-1-768x179.jpg 768w, https:\/\/des-mis.infd.edu.ar\/sitio\/wp-content\/uploads\/2018\/12\/ambiental-1-1900x443.jpg 1900w\" sizes=\"(max-width: 1000px) 100vw, 1000px\" \/><br \/>\n<b>Localidad:<\/b><span style=\"font-weight: 400;\">Garup\u00e1<\/span><br \/>\n<b>Ubicaci\u00f3n: <\/b><span style=\"font-weight: 400;\">-27.449414,-55.855597<\/span><br \/>\n<iframe loading=\"lazy\" style=\"border: 0;\" src=\"https:\/\/www.google.com\/maps\/embed?pb=!1m18!1m12!1m3!1d3540.6373926689366!2d-55.85779105103808!3d-27.44940922232447!2m3!1f0!2f0!3f0!3m2!1i1024!2i768!4f13.1!3m3!1m2!1s0x0%3A0x0!2zMjfCsDI2JzU3LjkiUyA1NcKwNTEnMjAuMiJX!5e0!3m2!1ses!2sar!4v1550843641707\" width=\"600\" height=\"450\" frameborder=\"0\" allowfullscreen=\"allowfullscreen\"><\/iframe><br \/>\n<b>Tel\u00e9fono de contacto: <\/b><span style=\"font-weight: 400;\">\u00a0<\/span><span style=\"font-weight: 400;\">0376-4491256<\/span><br \/>\n<b>Correo Electr\u00f3nico:<\/b><span style=\"font-weight: 400;\"> \u00a0<\/span><a href=\"mailto:institutoseguridadvial@yahoo.com\"><span style=\"font-weight: 400;\">institutoseguridadvial@yahoo.com<\/span><\/a><\/p>\n<p><span style=\"font-weight: 400;\">Carrera: <\/span><b><i>T\u00e9cnico Superior en Seguridad Vial<\/i><\/b><\/p>\n","protected":false},"excerpt":{"rendered":"<p>Localidad:Garup\u00e1 Ubicaci\u00f3n: -27.449414,-55.855597 Tel\u00e9fono de contacto: \u00a00376-4491256 Correo Electr\u00f3nico: \u00a0institutoseguridadvial@yahoo.com Carrera: T\u00e9cnico Superior en Seguridad Vial<\/p>\n","protected":false},"author":34,"featured_media":0,"parent":0,"menu_order":0,"comment_status":"closed","ping_status":"closed","template":"","meta":[],"acf":[],"_links":{"self":[{"href":"https:\/\/des-mis.infd.edu.ar\/sitio\/wp-json\/wp\/v2\/pages\/1284"}],"collection":[{"href":"https:\/\/des-mis.infd.edu.ar\/sitio\/wp-json\/wp\/v2\/pages"}],"about":[{"href":"https:\/\/des-mis.infd.edu.ar\/sitio\/wp-json\/wp\/v2\/types\/page"}],"author":[{"embeddable":true,"href":"https:\/\/des-mis.infd.edu.ar\/sitio\/wp-json\/wp\/v2\/users\/34"}],"replies":[{"embeddable":true,"href":"https:\/\/des-mis.infd.edu.ar\/sitio\/wp-json\/wp\/v2\/comments?post=1284"}],"version-history":[{"count":3,"href":"https:\/\/des-mis.infd.edu.ar\/sitio\/wp-json\/wp\/v2\/pages\/1284\/revisions"}],"predecessor-version":[{"id":1856,"href":"https:\/\/des-mis.infd.edu.ar\/sitio\/wp-json\/wp\/v2\/pages\/1284\/revisions\/1856"}],"wp:attachment":[{"href":"https:\/\/des-mis.infd.edu.ar\/sitio\/wp-json\/wp\/v2\/media?parent=1284"}],"curies":[{"name":"wp","href":"https:\/\/api.w.org\/{rel}","templated":true}]}}