{"id":1293,"date":"2018-11-22T12:02:56","date_gmt":"2018-11-22T15:02:56","guid":{"rendered":"https:\/\/des-mis.infd.edu.ar\/sitio\/?page_id=1293"},"modified":"2018-11-22T12:03:32","modified_gmt":"2018-11-22T15:03:32","slug":"instituto-superior-san-pedro","status":"publish","type":"page","link":"https:\/\/des-mis.infd.edu.ar\/sitio\/instituto-superior-san-pedro\/","title":{"rendered":"Instituto Superior\u00a0San Pedro"},"content":{"rendered":"<p><span style=\"font-weight: 400;\">Carrera: <\/span><b><i>T\u00e9cnico Universitario Guardaparque<\/i><\/b><\/p>\n<p><b>Instituto: <\/b><b>Instituto Superior \u00a0San Pedro<\/b><\/p>\n<p><b>Localidad:<\/b><span style=\"font-weight: 400;\"> San Pedro<\/span><\/p>\n<p><b>Ubicaci\u00f3n:<\/b> <span style=\"font-weight: 400;\">-26.61818, -54.10358<\/span><\/p>\n<p><b>Tel\u00e9fono de contacto:<\/b><\/p>\n<p><b>Correo Electr\u00f3nico:<\/b><span style=\"font-weight: 400;\"> isspcuise1652@gmail.com<\/span><\/p>\n<p>&nbsp;<\/p>\n<p><b>Descripci\u00f3n:<\/b><\/p>\n","protected":false},"excerpt":{"rendered":"<p>Carrera: T\u00e9cnico Universitario Guardaparque Instituto: Instituto Superior \u00a0San Pedro Localidad: San Pedro Ubicaci\u00f3n: -26.61818, -54.10358 Tel\u00e9fono de contacto: Correo Electr\u00f3nico: isspcuise1652@gmail.com &nbsp; Descripci\u00f3n:<\/p>\n","protected":false},"author":34,"featured_media":0,"parent":0,"menu_order":0,"comment_status":"closed","ping_status":"closed","template":"","meta":[],"acf":[],"_links":{"self":[{"href":"https:\/\/des-mis.infd.edu.ar\/sitio\/wp-json\/wp\/v2\/pages\/1293"}],"collection":[{"href":"https:\/\/des-mis.infd.edu.ar\/sitio\/wp-json\/wp\/v2\/pages"}],"about":[{"href":"https:\/\/des-mis.infd.edu.ar\/sitio\/wp-json\/wp\/v2\/types\/page"}],"author":[{"embeddable":true,"href":"https:\/\/des-mis.infd.edu.ar\/sitio\/wp-json\/wp\/v2\/users\/34"}],"replies":[{"embeddable":true,"href":"https:\/\/des-mis.infd.edu.ar\/sitio\/wp-json\/wp\/v2\/comments?post=1293"}],"version-history":[{"count":1,"href":"https:\/\/des-mis.infd.edu.ar\/sitio\/wp-json\/wp\/v2\/pages\/1293\/revisions"}],"predecessor-version":[{"id":1295,"href":"https:\/\/des-mis.infd.edu.ar\/sitio\/wp-json\/wp\/v2\/pages\/1293\/revisions\/1295"}],"wp:attachment":[{"href":"https:\/\/des-mis.infd.edu.ar\/sitio\/wp-json\/wp\/v2\/media?parent=1293"}],"curies":[{"name":"wp","href":"https:\/\/api.w.org\/{rel}","templated":true}]}}