{"id":1299,"date":"2018-11-22T12:05:11","date_gmt":"2018-11-22T15:05:11","guid":{"rendered":"https:\/\/des-mis.infd.edu.ar\/sitio\/?page_id=1299"},"modified":"2019-02-22T12:05:52","modified_gmt":"2019-02-22T15:05:52","slug":"instituto-superior-en-tecnologia-automotriz","status":"publish","type":"page","link":"https:\/\/des-mis.infd.edu.ar\/sitio\/instituto-superior-en-tecnologia-automotriz\/","title":{"rendered":"Instituto Superior en Tecnolog\u00eda Automotriz"},"content":{"rendered":"<p><span style=\"font-weight: 400;\"><img decoding=\"async\" loading=\"lazy\" class=\"alignnone size-medium wp-image-1706\" src=\"https:\/\/des-mis.infd.edu.ar\/sitio\/wp-content\/uploads\/2018\/12\/automotriz-1000x234.jpg\" alt=\"\" width=\"1000\" height=\"234\" srcset=\"https:\/\/des-mis.infd.edu.ar\/sitio\/wp-content\/uploads\/2018\/12\/automotriz-1000x234.jpg 1000w, https:\/\/des-mis.infd.edu.ar\/sitio\/wp-content\/uploads\/2018\/12\/automotriz-768x179.jpg 768w, https:\/\/des-mis.infd.edu.ar\/sitio\/wp-content\/uploads\/2018\/12\/automotriz-1900x444.jpg 1900w\" sizes=\"(max-width: 1000px) 100vw, 1000px\" \/> <b>Localidad:<\/b><span style=\"font-weight: 400;\"> Posadas<\/span><br \/>\n<b>Ubicaci\u00f3n:<\/b> <span style=\"font-weight: 400;\">-27.3773, -55.90424<\/span><br \/>\n<iframe loading=\"lazy\" style=\"border: 0;\" src=\"https:\/\/www.google.com\/maps\/embed?pb=!1m18!1m12!1m3!1d1771.4774905112683!2d-55.905337029042016!3d-27.377121339433494!2m3!1f0!2f0!3f0!3m2!1i1024!2i768!4f13.1!3m3!1m2!1s0x0%3A0x0!2zMjfCsDIyJzM4LjMiUyA1NcKwNTQnMTUuMyJX!5e0!3m2!1ses!2sar!4v1550847421156\" width=\"600\" height=\"450\" frameborder=\"0\" allowfullscreen=\"allowfullscreen\"><\/iframe><br \/>\n<b>Correo Electr\u00f3nico:<\/b><span style=\"font-weight: 400;\">institutoautomotrizposadas@gmail.com<\/span><\/span><br \/>\n<b>Pagina Web: <a href=\"http:\/\/www.istautomotriz.com\">http:\/\/www.istautomotriz.com<\/a><\/b><\/p>\n<h3><span style=\"font-weight: 400;\">Carrera: <\/span><b><i>Tecnicatura Superior en Mec\u00e1nica Automotriz<\/i><\/b><\/h3>\n<p><b>Descripci\u00f3n:<\/b><br \/>\n<span style=\"font-weight: 400;\">El T\u00e9cnico Superior en Mec\u00e1nica Automotriz, est\u00e1 preparado para un desempe\u00f1o profesional en el \u00e1mbito de las organizaciones, \u00a0capacitado para manifestar conocimientos, habilidades, destrezas, valores y actitudes en situaciones reales de trabajo, conforme a criterios de profesionalidad propios de su \u00e1rea y de responsabilidad social.<\/span><\/p>\n","protected":false},"excerpt":{"rendered":"<p>Localidad: Posadas Ubicaci\u00f3n: -27.3773, -55.90424 Correo Electr\u00f3nico:institutoautomotrizposadas@gmail.com Pagina Web: http:\/\/www.istautomotriz.com Carrera: Tecnicatura Superior en Mec\u00e1nica Automotriz Descripci\u00f3n: El T\u00e9cnico Superior en Mec\u00e1nica Automotriz, est\u00e1 preparado para un desempe\u00f1o profesional en el \u00e1mbito de las organizaciones, \u00a0capacitado para manifestar conocimientos, habilidades, destrezas, valores y actitudes en situaciones reales de trabajo, conforme a criterios de profesionalidad propios &#8230; <a title=\"Instituto Superior en Tecnolog\u00eda Automotriz\" class=\"read-more\" href=\"https:\/\/des-mis.infd.edu.ar\/sitio\/instituto-superior-en-tecnologia-automotriz\/\" aria-label=\"More on Instituto Superior en Tecnolog\u00eda Automotriz\">[+]<\/a><\/p>\n","protected":false},"author":34,"featured_media":0,"parent":0,"menu_order":0,"comment_status":"closed","ping_status":"closed","template":"","meta":[],"acf":[],"_links":{"self":[{"href":"https:\/\/des-mis.infd.edu.ar\/sitio\/wp-json\/wp\/v2\/pages\/1299"}],"collection":[{"href":"https:\/\/des-mis.infd.edu.ar\/sitio\/wp-json\/wp\/v2\/pages"}],"about":[{"href":"https:\/\/des-mis.infd.edu.ar\/sitio\/wp-json\/wp\/v2\/types\/page"}],"author":[{"embeddable":true,"href":"https:\/\/des-mis.infd.edu.ar\/sitio\/wp-json\/wp\/v2\/users\/34"}],"replies":[{"embeddable":true,"href":"https:\/\/des-mis.infd.edu.ar\/sitio\/wp-json\/wp\/v2\/comments?post=1299"}],"version-history":[{"count":8,"href":"https:\/\/des-mis.infd.edu.ar\/sitio\/wp-json\/wp\/v2\/pages\/1299\/revisions"}],"predecessor-version":[{"id":1876,"href":"https:\/\/des-mis.infd.edu.ar\/sitio\/wp-json\/wp\/v2\/pages\/1299\/revisions\/1876"}],"wp:attachment":[{"href":"https:\/\/des-mis.infd.edu.ar\/sitio\/wp-json\/wp\/v2\/media?parent=1299"}],"curies":[{"name":"wp","href":"https:\/\/api.w.org\/{rel}","templated":true}]}}