{"id":1302,"date":"2018-11-22T12:06:03","date_gmt":"2018-11-22T15:06:03","guid":{"rendered":"https:\/\/des-mis.infd.edu.ar\/sitio\/?page_id=1302"},"modified":"2019-02-22T12:23:13","modified_gmt":"2019-02-22T15:23:13","slug":"instituto-tecnico-superior-puerto-esperanza","status":"publish","type":"page","link":"https:\/\/des-mis.infd.edu.ar\/sitio\/instituto-tecnico-superior-puerto-esperanza\/","title":{"rendered":"Instituto T\u00e9cnico Superior Puerto Esperanza"},"content":{"rendered":"<p><img decoding=\"async\" loading=\"lazy\" src=\"https:\/\/des-mis.infd.edu.ar\/sitio\/wp-content\/uploads\/2018\/12\/electromecanica-1000x233.jpg\" alt=\"\" width=\"1000\" height=\"233\" class=\"alignnone size-medium wp-image-1731\" srcset=\"https:\/\/des-mis.infd.edu.ar\/sitio\/wp-content\/uploads\/2018\/12\/electromecanica-1000x233.jpg 1000w, https:\/\/des-mis.infd.edu.ar\/sitio\/wp-content\/uploads\/2018\/12\/electromecanica-768x179.jpg 768w, https:\/\/des-mis.infd.edu.ar\/sitio\/wp-content\/uploads\/2018\/12\/electromecanica-1900x443.jpg 1900w\" sizes=\"(max-width: 1000px) 100vw, 1000px\" \/><br \/>\n<b>Localidad:<\/b><span style=\"font-weight: 400;\"> Puerto Esperanza<\/span><br \/>\n<b>Ubicaci\u00f3n: <\/b><span style=\"font-weight: 400;\">-26.01606, -54.61355<\/span><br \/>\n<iframe loading=\"lazy\" src=\"https:\/\/www.google.com\/maps\/embed?pb=!1m18!1m12!1m3!1d3585.5347085875287!2d-54.61574405109543!3d-26.016055162584195!2m3!1f0!2f0!3f0!3m2!1i1024!2i768!4f13.1!3m3!1m2!1s0x0%3A0x0!2zMjbCsDAwJzU3LjgiUyA1NMKwMzYnNDguOCJX!5e0!3m2!1ses!2sar!4v1550848926246\" width=\"600\" height=\"450\" frameborder=\"0\" style=\"border:0\" allowfullscreen><\/iframe><br \/>\n<b>Tel\u00e9fono de contacto: <\/b><span style=\"font-weight: 400;\">\u00a0<\/span><br \/>\n<b>Correo Electr\u00f3nico:<\/b><span style=\"font-weight: 400;\"> guerrero@its.edu.ar<\/span><\/p>\n<h3><span style=\"font-weight: 400;\">Carrera: <\/span><b><i>Tecnicatura Superior en Dise\u00f1o y Montaje de Instalaciones Electromec\u00e1nicas<\/i><\/b><\/h3>\n<p><b>Descripci\u00f3n:<\/b><br \/>\n<span style=\"font-weight: 400;\">El T\u00e9cnico Superior en Dise\u00f1o \u00a0y Montaje de Instalaciones Electromec\u00e1nicas podr\u00e1 proyectar, dise\u00f1ar, montar, operar y mantener equipos e instalaciones electromec\u00e1nicas para desempe\u00f1arse en estas \u00e1reas y actividades. El t\u00e9cnico desarrollar\u00e1 un \u00absaber hacer\u00bb complejo en el que se movilizan conocimientos, valores, actitudes y habilidades de car\u00e1cter tecnol\u00f3gico, social y personal.<\/span><\/p>\n<p><img decoding=\"async\" loading=\"lazy\" src=\"https:\/\/des-mis.infd.edu.ar\/sitio\/wp-content\/uploads\/2018\/12\/construccion-1000x233.jpg\" alt=\"\" width=\"1000\" height=\"233\" class=\"alignnone size-medium wp-image-1708\" srcset=\"https:\/\/des-mis.infd.edu.ar\/sitio\/wp-content\/uploads\/2018\/12\/construccion-1000x233.jpg 1000w, https:\/\/des-mis.infd.edu.ar\/sitio\/wp-content\/uploads\/2018\/12\/construccion-768x179.jpg 768w, https:\/\/des-mis.infd.edu.ar\/sitio\/wp-content\/uploads\/2018\/12\/construccion-1900x443.jpg 1900w\" sizes=\"(max-width: 1000px) 100vw, 1000px\" \/><\/p>\n<h3><span style=\"font-weight: 400;\">Carrera: <\/span><b><i>Tecnicatura Superior en Construcciones Civiles<\/i><\/b><\/h3>\n<p><b>Descripci\u00f3n:<\/b><br \/>\n<span style=\"font-weight: 400;\">El T\u00e9cnico Superior tendr\u00e1 la habilidad de aplicar las herramientas de computaci\u00f3n e inform\u00e1ticas adecuadas al trabajo en el campo de las construcciones, elaborar croquis de conjunto y de detalle, pudiendo realizar el c\u00e1lculo de estructuras de baja complejidad. Trabajar en la elaboraci\u00f3n de planos de construcciones a partir de croquis, utilizando los materiales y medios m\u00e1s adecuados. Tendr\u00e1 el conocimiento para aplicar las t\u00e9cnicas de programaci\u00f3n m\u00e1s usuales relativas al seguimiento de la planificaci\u00f3n de obras. <\/span><\/p>\n","protected":false},"excerpt":{"rendered":"<p>Localidad: Puerto Esperanza Ubicaci\u00f3n: -26.01606, -54.61355 Tel\u00e9fono de contacto: \u00a0 Correo Electr\u00f3nico: guerrero@its.edu.ar Carrera: Tecnicatura Superior en Dise\u00f1o y Montaje de Instalaciones Electromec\u00e1nicas Descripci\u00f3n: El T\u00e9cnico Superior en Dise\u00f1o \u00a0y Montaje de Instalaciones Electromec\u00e1nicas podr\u00e1 proyectar, dise\u00f1ar, montar, operar y mantener equipos e instalaciones electromec\u00e1nicas para desempe\u00f1arse en estas \u00e1reas y actividades. El t\u00e9cnico desarrollar\u00e1 &#8230; <a title=\"Instituto T\u00e9cnico Superior Puerto Esperanza\" class=\"read-more\" href=\"https:\/\/des-mis.infd.edu.ar\/sitio\/instituto-tecnico-superior-puerto-esperanza\/\" aria-label=\"More on Instituto T\u00e9cnico Superior Puerto Esperanza\">[+]<\/a><\/p>\n","protected":false},"author":34,"featured_media":0,"parent":0,"menu_order":0,"comment_status":"closed","ping_status":"closed","template":"","meta":[],"acf":[],"_links":{"self":[{"href":"https:\/\/des-mis.infd.edu.ar\/sitio\/wp-json\/wp\/v2\/pages\/1302"}],"collection":[{"href":"https:\/\/des-mis.infd.edu.ar\/sitio\/wp-json\/wp\/v2\/pages"}],"about":[{"href":"https:\/\/des-mis.infd.edu.ar\/sitio\/wp-json\/wp\/v2\/types\/page"}],"author":[{"embeddable":true,"href":"https:\/\/des-mis.infd.edu.ar\/sitio\/wp-json\/wp\/v2\/users\/34"}],"replies":[{"embeddable":true,"href":"https:\/\/des-mis.infd.edu.ar\/sitio\/wp-json\/wp\/v2\/comments?post=1302"}],"version-history":[{"count":4,"href":"https:\/\/des-mis.infd.edu.ar\/sitio\/wp-json\/wp\/v2\/pages\/1302\/revisions"}],"predecessor-version":[{"id":1883,"href":"https:\/\/des-mis.infd.edu.ar\/sitio\/wp-json\/wp\/v2\/pages\/1302\/revisions\/1883"}],"wp:attachment":[{"href":"https:\/\/des-mis.infd.edu.ar\/sitio\/wp-json\/wp\/v2\/media?parent=1302"}],"curies":[{"name":"wp","href":"https:\/\/api.w.org\/{rel}","templated":true}]}}