{"id":1305,"date":"2018-11-22T12:06:55","date_gmt":"2018-11-22T15:06:55","guid":{"rendered":"https:\/\/des-mis.infd.edu.ar\/sitio\/?page_id=1305"},"modified":"2019-02-16T17:31:10","modified_gmt":"2019-02-16T20:31:10","slug":"instituto-superior-profesorado-de-artes-obera-ispao","status":"publish","type":"page","link":"https:\/\/des-mis.infd.edu.ar\/sitio\/instituto-superior-profesorado-de-artes-obera-ispao\/","title":{"rendered":"Instituto Superior Profesorado de Artes Ober\u00e1 \u00a0(ISPAO)"},"content":{"rendered":"<h3><img decoding=\"async\" loading=\"lazy\" class=\"alignnone size-medium wp-image-1715\" src=\"https:\/\/des-mis.infd.edu.ar\/sitio\/wp-content\/uploads\/2018\/12\/musica-1000x233.jpg\" alt=\"\" width=\"1000\" height=\"233\" srcset=\"https:\/\/des-mis.infd.edu.ar\/sitio\/wp-content\/uploads\/2018\/12\/musica-1000x233.jpg 1000w, https:\/\/des-mis.infd.edu.ar\/sitio\/wp-content\/uploads\/2018\/12\/musica-768x179.jpg 768w, https:\/\/des-mis.infd.edu.ar\/sitio\/wp-content\/uploads\/2018\/12\/musica-1900x443.jpg 1900w\" sizes=\"(max-width: 1000px) 100vw, 1000px\" \/><\/h3>\n<p><b>Localidad:<\/b><span style=\"font-weight: 400;\"> Ober\u00e1<\/span><br \/>\n<b>Ubicaci\u00f3n: <\/b><span style=\"font-weight: 400;\">-27.48544, -55.10819<\/span><br \/>\n<iframe loading=\"lazy\" style=\"border: 0;\" src=\"https:\/\/www.google.com\/maps\/embed?pb=!1m14!1m8!1m3!1d14157.908569818648!2d-55.1077246!3d-27.4855327!3m2!1i1024!2i768!4f13.1!3m3!1m2!1s0x0%3A0x795115e10e15a086!2sISPAO!5e0!3m2!1ses!2sar!4v1545399482420\" width=\"600\" height=\"450\" frameborder=\"0\" allowfullscreen=\"allowfullscreen\"><\/iframe><br \/>\n<b>Tel\u00e9fono de contacto: <\/b><span style=\"font-weight: 400;\">03755-4404033<\/span><br \/>\n<b>Correo Electr\u00f3nico:<\/b><span style=\"font-weight: 400;\"> \u00a0ispaobera@gmail.com <\/span><\/p>\n<p style=\"text-align: left;\"><span style=\"font-weight: 400;\"><strong>Facebook:<\/strong>\u00a0<a href=\"https:\/\/www.facebook.com\/ISPAO-1484000475261342\/\">https:\/\/www.facebook.com\/ISPAO-1484000475261342\/<\/a><\/span><\/p>\n<h3><span style=\"font-weight: 400;\">Carrera: <\/span><b><i>Tecnicatura Superior en Producci\u00f3n Musical Aplicada a la Comunicaci\u00f3n Multimedial<\/i><\/b><\/h3>\n<p><b>Descripci\u00f3n:<\/b><br \/>\n<span style=\"font-weight: 400;\">Esta formaci\u00f3n de \u00a0t\u00e9cnicos permitir\u00e1 abordar la producci\u00f3n musical desde \u00a0diferentes perspectivas tales como operadores radiales y televisivos, asistentes \u00a0de escenarios, as\u00ed como tambi\u00e9n para la Producci\u00f3n discogr\u00e1fica de artistas, puesta en escena de espect\u00e1culos, programas de radio y TV.<\/span><\/p>\n","protected":false},"excerpt":{"rendered":"<p>Localidad: Ober\u00e1 Ubicaci\u00f3n: -27.48544, -55.10819 Tel\u00e9fono de contacto: 03755-4404033 Correo Electr\u00f3nico: \u00a0ispaobera@gmail.com Facebook:\u00a0https:\/\/www.facebook.com\/ISPAO-1484000475261342\/ Carrera: Tecnicatura Superior en Producci\u00f3n Musical Aplicada a la Comunicaci\u00f3n Multimedial Descripci\u00f3n: Esta formaci\u00f3n de \u00a0t\u00e9cnicos permitir\u00e1 abordar la producci\u00f3n musical desde \u00a0diferentes perspectivas tales como operadores radiales y televisivos, asistentes \u00a0de escenarios, as\u00ed como tambi\u00e9n para la Producci\u00f3n discogr\u00e1fica de artistas, &#8230; <a title=\"Instituto Superior Profesorado de Artes Ober\u00e1 \u00a0(ISPAO)\" class=\"read-more\" href=\"https:\/\/des-mis.infd.edu.ar\/sitio\/instituto-superior-profesorado-de-artes-obera-ispao\/\" aria-label=\"More on Instituto Superior Profesorado de Artes Ober\u00e1 \u00a0(ISPAO)\">[+]<\/a><\/p>\n","protected":false},"author":34,"featured_media":0,"parent":0,"menu_order":0,"comment_status":"closed","ping_status":"closed","template":"","meta":[],"acf":[],"_links":{"self":[{"href":"https:\/\/des-mis.infd.edu.ar\/sitio\/wp-json\/wp\/v2\/pages\/1305"}],"collection":[{"href":"https:\/\/des-mis.infd.edu.ar\/sitio\/wp-json\/wp\/v2\/pages"}],"about":[{"href":"https:\/\/des-mis.infd.edu.ar\/sitio\/wp-json\/wp\/v2\/types\/page"}],"author":[{"embeddable":true,"href":"https:\/\/des-mis.infd.edu.ar\/sitio\/wp-json\/wp\/v2\/users\/34"}],"replies":[{"embeddable":true,"href":"https:\/\/des-mis.infd.edu.ar\/sitio\/wp-json\/wp\/v2\/comments?post=1305"}],"version-history":[{"count":18,"href":"https:\/\/des-mis.infd.edu.ar\/sitio\/wp-json\/wp\/v2\/pages\/1305\/revisions"}],"predecessor-version":[{"id":1816,"href":"https:\/\/des-mis.infd.edu.ar\/sitio\/wp-json\/wp\/v2\/pages\/1305\/revisions\/1816"}],"wp:attachment":[{"href":"https:\/\/des-mis.infd.edu.ar\/sitio\/wp-json\/wp\/v2\/media?parent=1305"}],"curies":[{"name":"wp","href":"https:\/\/api.w.org\/{rel}","templated":true}]}}