{"id":1308,"date":"2018-11-22T12:09:11","date_gmt":"2018-11-22T15:09:11","guid":{"rendered":"https:\/\/des-mis.infd.edu.ar\/sitio\/?page_id=1308"},"modified":"2018-11-22T12:09:11","modified_gmt":"2018-11-22T15:09:11","slug":"itec-no-1","status":"publish","type":"page","link":"https:\/\/des-mis.infd.edu.ar\/sitio\/itec-no-1\/","title":{"rendered":"ITEC N\u00ba 1"},"content":{"rendered":"<p><span style=\"font-weight: 400;\">Carrera: <\/span><b><i>Tecnicatura Superior en Gastronom\u00eda<\/i><\/b><\/p>\n<p><b>Instituto: <\/b><b>ITEC N\u00ba 1<\/b><\/p>\n<p><b>Localidad:<\/b><span style=\"font-weight: 400;\"> Posadas<\/span><\/p>\n<p><b>Ubicaci\u00f3n: <\/b><span style=\"font-weight: 400;\">-27.43499, -55.91474<\/span><\/p>\n<p><b>Tel\u00e9fono de contacto:<\/b><span style=\"font-weight: 400;\"> 0376-4476487<\/span><\/p>\n<p><b>Correo Electr\u00f3nico:<\/b> <span style=\"font-weight: 400;\">itec1misiones@gmail.com<\/span><span style=\"font-weight: 400;\"> \u00a0<\/span><\/p>\n<p>&nbsp;<\/p>\n<p><b>Descripci\u00f3n:<\/b><\/p>\n<p>&nbsp;<\/p>\n<p><span style=\"font-weight: 400;\">Carrera: <\/span><b><i>Tecnicatura Superior en programaci\u00f3n y An\u00e1lisis de Sistemas<\/i><\/b><\/p>\n<p><b>Instituto: <\/b><b>ITEC N\u00ba 1<\/b><\/p>\n<p><b>Localidad:<\/b><span style=\"font-weight: 400;\"> Posadas<\/span><\/p>\n<p><b>Ubicaci\u00f3n: <\/b><span style=\"font-weight: 400;\">-27.43499, -55.91474<\/span><\/p>\n<p><b>Tel\u00e9fono de contacto:<\/b><span style=\"font-weight: 400;\"> 0376-4476487<\/span><\/p>\n<p><b>Correo Electr\u00f3nico:<\/b> <span style=\"font-weight: 400;\">itec1misiones@gmail.com<\/span><span style=\"font-weight: 400;\"> \u00a0<\/span><\/p>\n","protected":false},"excerpt":{"rendered":"<p>Carrera: Tecnicatura Superior en Gastronom\u00eda Instituto: ITEC N\u00ba 1 Localidad: Posadas Ubicaci\u00f3n: -27.43499, -55.91474 Tel\u00e9fono de contacto: 0376-4476487 Correo Electr\u00f3nico: itec1misiones@gmail.com \u00a0 &nbsp; Descripci\u00f3n: &nbsp; Carrera: Tecnicatura Superior en programaci\u00f3n y An\u00e1lisis de Sistemas Instituto: ITEC N\u00ba 1 Localidad: Posadas Ubicaci\u00f3n: -27.43499, -55.91474 Tel\u00e9fono de contacto: 0376-4476487 Correo Electr\u00f3nico: itec1misiones@gmail.com \u00a0<\/p>\n","protected":false},"author":34,"featured_media":0,"parent":0,"menu_order":0,"comment_status":"closed","ping_status":"closed","template":"","meta":[],"acf":[],"_links":{"self":[{"href":"https:\/\/des-mis.infd.edu.ar\/sitio\/wp-json\/wp\/v2\/pages\/1308"}],"collection":[{"href":"https:\/\/des-mis.infd.edu.ar\/sitio\/wp-json\/wp\/v2\/pages"}],"about":[{"href":"https:\/\/des-mis.infd.edu.ar\/sitio\/wp-json\/wp\/v2\/types\/page"}],"author":[{"embeddable":true,"href":"https:\/\/des-mis.infd.edu.ar\/sitio\/wp-json\/wp\/v2\/users\/34"}],"replies":[{"embeddable":true,"href":"https:\/\/des-mis.infd.edu.ar\/sitio\/wp-json\/wp\/v2\/comments?post=1308"}],"version-history":[{"count":1,"href":"https:\/\/des-mis.infd.edu.ar\/sitio\/wp-json\/wp\/v2\/pages\/1308\/revisions"}],"predecessor-version":[{"id":1310,"href":"https:\/\/des-mis.infd.edu.ar\/sitio\/wp-json\/wp\/v2\/pages\/1308\/revisions\/1310"}],"wp:attachment":[{"href":"https:\/\/des-mis.infd.edu.ar\/sitio\/wp-json\/wp\/v2\/media?parent=1308"}],"curies":[{"name":"wp","href":"https:\/\/api.w.org\/{rel}","templated":true}]}}