{"id":1317,"date":"2018-11-22T12:27:53","date_gmt":"2018-11-22T15:27:53","guid":{"rendered":"https:\/\/des-mis.infd.edu.ar\/sitio\/?page_id=1317"},"modified":"2018-11-22T12:27:53","modified_gmt":"2018-11-22T15:27:53","slug":"itep-no-1","status":"publish","type":"page","link":"https:\/\/des-mis.infd.edu.ar\/sitio\/itep-no-1\/","title":{"rendered":"ITEP N\u00ba 1"},"content":{"rendered":"<p><span style=\"font-weight: 400;\">Carrera: <\/span><b><i>Tecnicatura Superior en Producci\u00f3n Agroalimentaria<\/i><\/b><\/p>\n<p><b>Instituto: <\/b><b>ITEP N\u00ba 1<\/b><\/p>\n<p><b>Localidad:<\/b><span style=\"font-weight: 400;\">Arist\u00f3bulo del Valle<\/span><\/p>\n<p><b>Ubicaci\u00f3n: <\/b><span style=\"font-weight: 400;\">-27.10003, -54.89713<\/span><\/p>\n<p><b>Tel\u00e9fono de contacto:<\/b><\/p>\n<p><b>Correo Electr\u00f3nico:<\/b><span style=\"font-weight: 400;\"> itepn1@gmail.com<\/span><\/p>\n<p>&nbsp;<\/p>\n<p><b>Descripci\u00f3n:<\/b><\/p>\n<p>&nbsp;<\/p>\n<p><span style=\"font-weight: 400;\">Carrera: <\/span><b><i>Tecnicatura Superior en Gesti\u00f3n Agr\u00edcola Ganadera<\/i><\/b><\/p>\n<p><b>Instituto: <\/b><b>ITEP N\u00ba 1<\/b><\/p>\n<p><b>Localidad:<\/b><span style=\"font-weight: 400;\">Arist\u00f3bulo del Valle<\/span><\/p>\n<p><b>Ubicaci\u00f3n: <\/b><span style=\"font-weight: 400;\">-27.10003, -54.89713<\/span><\/p>\n<p><b>Tel\u00e9fono de contacto:<\/b><\/p>\n<p><b>Correo Electr\u00f3nico:<\/b><span style=\"font-weight: 400;\"> itepn1@gmail.com<\/span><\/p>\n<p>&nbsp;<\/p>\n<p><b>Descripci\u00f3n:<\/b><\/p>\n<p>&nbsp;<\/p>\n<p><span style=\"font-weight: 400;\">Carrera: <\/span><b><i>Tecnicatura Superior en Dise\u00f1o Gr\u00e1fico Digital<\/i><\/b><\/p>\n<p><b>Instituto: <\/b><b>ITEP N\u00ba 1<\/b><\/p>\n<p><b>Localidad:<\/b><span style=\"font-weight: 400;\">Arist\u00f3bulo del Valle<\/span><\/p>\n<p><b>Ubicaci\u00f3n: <\/b><span style=\"font-weight: 400;\">-27.10003, -54.89713<\/span><\/p>\n<p><b>Tel\u00e9fono de contacto:<\/b><\/p>\n<p><b>Correo Electr\u00f3nico:<\/b><span style=\"font-weight: 400;\"> itepn1@gmail.com<\/span><\/p>\n<p>&nbsp;<\/p>\n<p><b>Descripci\u00f3n:<\/b><\/p>\n","protected":false},"excerpt":{"rendered":"<p>Carrera: Tecnicatura Superior en Producci\u00f3n Agroalimentaria Instituto: ITEP N\u00ba 1 Localidad:Arist\u00f3bulo del Valle Ubicaci\u00f3n: -27.10003, -54.89713 Tel\u00e9fono de contacto: Correo Electr\u00f3nico: itepn1@gmail.com &nbsp; Descripci\u00f3n: &nbsp; Carrera: Tecnicatura Superior en Gesti\u00f3n Agr\u00edcola Ganadera Instituto: ITEP N\u00ba 1 Localidad:Arist\u00f3bulo del Valle Ubicaci\u00f3n: -27.10003, -54.89713 Tel\u00e9fono de contacto: Correo Electr\u00f3nico: itepn1@gmail.com &nbsp; Descripci\u00f3n: &nbsp; Carrera: Tecnicatura Superior en &#8230; <a title=\"ITEP N\u00ba 1\" class=\"read-more\" href=\"https:\/\/des-mis.infd.edu.ar\/sitio\/itep-no-1\/\" aria-label=\"More on ITEP N\u00ba 1\">[+]<\/a><\/p>\n","protected":false},"author":34,"featured_media":0,"parent":0,"menu_order":0,"comment_status":"closed","ping_status":"closed","template":"","meta":[],"acf":[],"_links":{"self":[{"href":"https:\/\/des-mis.infd.edu.ar\/sitio\/wp-json\/wp\/v2\/pages\/1317"}],"collection":[{"href":"https:\/\/des-mis.infd.edu.ar\/sitio\/wp-json\/wp\/v2\/pages"}],"about":[{"href":"https:\/\/des-mis.infd.edu.ar\/sitio\/wp-json\/wp\/v2\/types\/page"}],"author":[{"embeddable":true,"href":"https:\/\/des-mis.infd.edu.ar\/sitio\/wp-json\/wp\/v2\/users\/34"}],"replies":[{"embeddable":true,"href":"https:\/\/des-mis.infd.edu.ar\/sitio\/wp-json\/wp\/v2\/comments?post=1317"}],"version-history":[{"count":1,"href":"https:\/\/des-mis.infd.edu.ar\/sitio\/wp-json\/wp\/v2\/pages\/1317\/revisions"}],"predecessor-version":[{"id":1319,"href":"https:\/\/des-mis.infd.edu.ar\/sitio\/wp-json\/wp\/v2\/pages\/1317\/revisions\/1319"}],"wp:attachment":[{"href":"https:\/\/des-mis.infd.edu.ar\/sitio\/wp-json\/wp\/v2\/media?parent=1317"}],"curies":[{"name":"wp","href":"https:\/\/api.w.org\/{rel}","templated":true}]}}