{"id":1320,"date":"2018-11-22T12:28:24","date_gmt":"2018-11-22T15:28:24","guid":{"rendered":"https:\/\/des-mis.infd.edu.ar\/sitio\/?page_id=1320"},"modified":"2018-11-22T12:28:24","modified_gmt":"2018-11-22T15:28:24","slug":"itep-no-2","status":"publish","type":"page","link":"https:\/\/des-mis.infd.edu.ar\/sitio\/itep-no-2\/","title":{"rendered":"ITEP N\u00ba 2"},"content":{"rendered":"<p><span style=\"font-weight: 400;\">Carrera: <\/span><b><i>Tecnicatura Superior en Gu\u00eda de Turismo con Orientaci\u00f3n en Interpretaci\u00f3n Patrimonial<\/i><\/b><\/p>\n<p><b>Instituto: <\/b><b>ITEP N\u00ba 2<\/b><\/p>\n<p><b>Localidad:<\/b><span style=\"font-weight: 400;\">Corpus<\/span><\/p>\n<p><b>Ubicaci\u00f3n:<\/b> <span style=\"font-weight: 400;\">-27.12438, -55.50898<\/span><\/p>\n<p><b>Tel\u00e9fono de contacto:<\/b><\/p>\n<p><b>Correo Electr\u00f3nico:<\/b><span style=\"font-weight: 400;\"> itepcorpus@gmail.com<\/span><\/p>\n<p>&nbsp;<\/p>\n<p><b>Descripci\u00f3n:<\/b><\/p>\n<p>&nbsp;<\/p>\n<p><span style=\"font-weight: 400;\">Carrera: <\/span><b><i>Tecnicatura Superior en Higiene y Seguridad en el Trabajo<\/i><\/b><\/p>\n<p><b>Instituto: <\/b><b>ITEP N\u00ba 2<\/b><\/p>\n<p><b>Localidad:<\/b><span style=\"font-weight: 400;\">Corpus<\/span><\/p>\n<p><b>Ubicaci\u00f3n:<\/b> <span style=\"font-weight: 400;\">-27.12438, -55.50898<\/span><\/p>\n<p><b>Tel\u00e9fono de contacto:<\/b><\/p>\n<p><b>Correo Electr\u00f3nico:<\/b><span style=\"font-weight: 400;\"> itepcorpus@gmail.com<\/span><\/p>\n<p>&nbsp;<\/p>\n<p><b>Descripci\u00f3n:<\/b><\/p>\n","protected":false},"excerpt":{"rendered":"<p>Carrera: Tecnicatura Superior en Gu\u00eda de Turismo con Orientaci\u00f3n en Interpretaci\u00f3n Patrimonial Instituto: ITEP N\u00ba 2 Localidad:Corpus Ubicaci\u00f3n: -27.12438, -55.50898 Tel\u00e9fono de contacto: Correo Electr\u00f3nico: itepcorpus@gmail.com &nbsp; Descripci\u00f3n: &nbsp; Carrera: Tecnicatura Superior en Higiene y Seguridad en el Trabajo Instituto: ITEP N\u00ba 2 Localidad:Corpus Ubicaci\u00f3n: -27.12438, -55.50898 Tel\u00e9fono de contacto: Correo Electr\u00f3nico: itepcorpus@gmail.com &nbsp; Descripci\u00f3n:<\/p>\n","protected":false},"author":34,"featured_media":0,"parent":0,"menu_order":0,"comment_status":"closed","ping_status":"closed","template":"","meta":[],"acf":[],"_links":{"self":[{"href":"https:\/\/des-mis.infd.edu.ar\/sitio\/wp-json\/wp\/v2\/pages\/1320"}],"collection":[{"href":"https:\/\/des-mis.infd.edu.ar\/sitio\/wp-json\/wp\/v2\/pages"}],"about":[{"href":"https:\/\/des-mis.infd.edu.ar\/sitio\/wp-json\/wp\/v2\/types\/page"}],"author":[{"embeddable":true,"href":"https:\/\/des-mis.infd.edu.ar\/sitio\/wp-json\/wp\/v2\/users\/34"}],"replies":[{"embeddable":true,"href":"https:\/\/des-mis.infd.edu.ar\/sitio\/wp-json\/wp\/v2\/comments?post=1320"}],"version-history":[{"count":1,"href":"https:\/\/des-mis.infd.edu.ar\/sitio\/wp-json\/wp\/v2\/pages\/1320\/revisions"}],"predecessor-version":[{"id":1322,"href":"https:\/\/des-mis.infd.edu.ar\/sitio\/wp-json\/wp\/v2\/pages\/1320\/revisions\/1322"}],"wp:attachment":[{"href":"https:\/\/des-mis.infd.edu.ar\/sitio\/wp-json\/wp\/v2\/media?parent=1320"}],"curies":[{"name":"wp","href":"https:\/\/api.w.org\/{rel}","templated":true}]}}