{"id":1456,"date":"2018-11-26T10:59:10","date_gmt":"2018-11-26T13:59:10","guid":{"rendered":"https:\/\/des-mis.infd.edu.ar\/sitio\/?page_id=1456"},"modified":"2023-03-01T12:02:20","modified_gmt":"2023-03-01T15:02:20","slug":"actividades-artisticas-tecnicas","status":"publish","type":"page","link":"https:\/\/des-mis.infd.edu.ar\/sitio\/actividades-artisticas-tecnicas\/","title":{"rendered":"Actividades Art\u00edsticas &#8211; T\u00e9cnicas"},"content":{"rendered":"<h3><img decoding=\"async\" loading=\"lazy\" class=\"alignnone size-medium wp-image-1715\" src=\"https:\/\/des-mis.infd.edu.ar\/sitio\/wp-content\/uploads\/2018\/12\/musica-1000x233.jpg\" alt=\"\" width=\"1000\" height=\"233\" srcset=\"https:\/\/des-mis.infd.edu.ar\/sitio\/wp-content\/uploads\/2018\/12\/musica-1000x233.jpg 1000w, https:\/\/des-mis.infd.edu.ar\/sitio\/wp-content\/uploads\/2018\/12\/musica-768x179.jpg 768w, https:\/\/des-mis.infd.edu.ar\/sitio\/wp-content\/uploads\/2018\/12\/musica-1900x443.jpg 1900w\" sizes=\"(max-width: 1000px) 100vw, 1000px\" \/><\/h3>\n<h3><b>Instituto: <\/b><b>Instituto Superior Profesorado de Artes Ober\u00e1 &nbsp;(ISPAO)<\/b><\/h3>\n<p><b>Localidad:<\/b><span style=\"font-weight: 400;\"> Ober\u00e1<\/span><br \/>\n<b>Ubicaci\u00f3n: <\/b><span style=\"font-weight: 400;\">-27.48544, -55.10819<\/span><br \/>\n<iframe loading=\"lazy\" style=\"border: 0;\" src=\"https:\/\/www.google.com\/maps\/embed?pb=!1m14!1m8!1m3!1d14157.908569818648!2d-55.1077246!3d-27.4855327!3m2!1i1024!2i768!4f13.1!3m3!1m2!1s0x0%3A0x795115e10e15a086!2sISPAO!5e0!3m2!1ses!2sar!4v1545399482420\" width=\"600\" height=\"450\" frameborder=\"0\" allowfullscreen=\"allowfullscreen\"><\/iframe><br \/>\n<b>Tel\u00e9fono de contacto: <\/b><span style=\"font-weight: 400;\">03755-4404033<\/span><br \/>\n<b>Correo Electr\u00f3nico:<\/b><span style=\"font-weight: 400;\"> &nbsp;ispaobera@gmail.com <\/span><\/p>\n<p style=\"text-align: left;\"><span style=\"font-weight: 400;\"><strong>Facebook:<\/strong>&nbsp;<a href=\"https:\/\/www.facebook.com\/ISPAO-1484000475261342\/\">https:\/\/www.facebook.com\/ISPAO-1484000475261342\/<\/a><\/span><\/p>\n<h3><span style=\"font-weight: 400;\">Carrera: <\/span><b><i>Tecnicatura Superior en Producci\u00f3n Musical Aplicada a la Comunicaci\u00f3n Multimedial<\/i><\/b><\/h3>\n<p><b>Descripci\u00f3n:<\/b><br \/>\n<span style=\"font-weight: 400;\">Esta formaci\u00f3n de &nbsp;t\u00e9cnicos permitir\u00e1 abordar la producci\u00f3n musical desde &nbsp;diferentes perspectivas tales como operadores radiales y televisivos, asistentes &nbsp;de escenarios, as\u00ed como tambi\u00e9n para la Producci\u00f3n discogr\u00e1fica de artistas, puesta en escena de espect\u00e1culos, programas de radio y TV.<\/span><\/p>\n<p><img decoding=\"async\" loading=\"lazy\" class=\"alignnone size-medium wp-image-1715\" src=\"https:\/\/des-mis.infd.edu.ar\/sitio\/wp-content\/uploads\/2018\/12\/musica-1000x233.jpg\" alt=\"\" width=\"1000\" height=\"233\" srcset=\"https:\/\/des-mis.infd.edu.ar\/sitio\/wp-content\/uploads\/2018\/12\/musica-1000x233.jpg 1000w, https:\/\/des-mis.infd.edu.ar\/sitio\/wp-content\/uploads\/2018\/12\/musica-768x179.jpg 768w, https:\/\/des-mis.infd.edu.ar\/sitio\/wp-content\/uploads\/2018\/12\/musica-1900x443.jpg 1900w\" sizes=\"(max-width: 1000px) 100vw, 1000px\" \/><\/p>\n<h3><b>Instituto: <\/b><b>Escuela Superior de M\u00fasica <\/b><\/h3>\n<p><b>Localidad:<\/b><span style=\"font-weight: 400;\"> Posadas<\/span><br \/>\n<b>Ubicaci\u00f3n: <\/b><span style=\"font-weight: 400;\">-27.36129, -55.89389<\/span><\/p>\n<p><iframe loading=\"lazy\" style=\"border: 0;\" src=\"https:\/\/www.google.com\/maps\/embed?pb=!1m18!1m12!1m3!1d3543.461789598009!2d-55.893890000000006!3d-27.36129!2m3!1f0!2f0!3f0!3m2!1i1024!2i768!4f13.1!3m3!1m2!1s0x0%3A0x0!2zMjfCsDIxJzQwLjYiUyA1NcKwNTMnMzguMCJX!5e0!3m2!1ses!2sar!4v1550345283991\" width=\"600\" height=\"450\" frameborder=\"0\" allowfullscreen=\"allowfullscreen\"><\/iframe><br \/>\n<b>Tel\u00e9fono de contacto: <\/b><span style=\"font-weight: 400;\">&nbsp;0376 4423143<\/span><br \/>\n<b>Correo Electr\u00f3nico:<\/b><span style=\"font-weight: 400;\"> esmu.misiones@gmail.com<\/span><\/p>\n<h3><b>Carrera: <\/b><b>T\u00e9cnico Superior en Musicalizaci\u00f3n y Sonorizaci\u00f3n con Medios Electroac\u00fasticos <\/b><\/h3>\n<p><b>Descripci\u00f3n:<\/b><br \/>\n<span style=\"font-weight: 400;\">El egresado como T\u00e9cnico Superior en Sonorizaci\u00f3n y Musicalizaci\u00f3n con Medios Electroac\u00fasticos ser\u00e1 competente para: \u2022 Montar un estudio de grabaci\u00f3n. \u2022 Trabajar en medios de comunicaci\u00f3n audiovisuales. \u2022 Trabajar en centros de post-producci\u00f3n de imagen y sonido. \u2022 Elaborar jingles, m\u00fasica para publicidad, teatro, programas de TV y cine. \u2022 Desempe\u00f1arse como responsable de Foley \u2022 Asesorar a int\u00e9rpretes y\/o grupos de musicales. \u2022 Formular y llevar a cabo proyectos de producci\u00f3n.<\/span><\/p>\n<h3><b>Carrera: <\/b><b>T\u00e9cnico Superior en Int\u00e9rprete de M\u00fasica Popular <\/b><\/h3>\n<p><b>Descripci\u00f3n:<\/b><br \/>\n<span style=\"font-weight: 400;\">El egresado como Int\u00e9rprete Superior en M\u00fasica Popular (piano, teclado el\u00e9ctrico, guitarra, guitarra el\u00e9ctrica, contrabajo, bajo el\u00e9ctrico, acorde\u00f3n, bater\u00eda, percusi\u00f3n, violin, canto, trompeta, clarinete, saxof\u00f3n con orientaci\u00f3n folklore, blues y jazz y\/o rock), ser\u00e1 competente para: \u2022 Integrar y formar conjuntos, ensambles y orquestas profesionales. \u2022 Iniciar carreras como solista. \u2022 Dirigir grupos musicales. \u2022 Improvisar en diversos estilos. \u2022 Coordinar talleres de m\u00fasica popular. \u2022 Desempe\u00f1arse como asistente de grupos musicales \u2022 Asesorar a int\u00e9rpretes y\/o grupos de m\u00fasica popular \u2022 Formular y llevar a cabo proyectos de producci\u00f3n.<\/span><\/p>\n<p><img decoding=\"async\" loading=\"lazy\" class=\"alignnone size-medium wp-image-1715\" src=\"https:\/\/des-mis.infd.edu.ar\/sitio\/wp-content\/uploads\/2018\/12\/musica-1000x233.jpg\" alt=\"\" width=\"1000\" height=\"233\" srcset=\"https:\/\/des-mis.infd.edu.ar\/sitio\/wp-content\/uploads\/2018\/12\/musica-1000x233.jpg 1000w, https:\/\/des-mis.infd.edu.ar\/sitio\/wp-content\/uploads\/2018\/12\/musica-768x179.jpg 768w, https:\/\/des-mis.infd.edu.ar\/sitio\/wp-content\/uploads\/2018\/12\/musica-1900x443.jpg 1900w\" sizes=\"(max-width: 1000px) 100vw, 1000px\" \/><\/p>\n<h3><b>Instituto: <\/b><b>Escuela Superior de Danzas<\/b><\/h3>\n<p><b>Localidad:<\/b><span style=\"font-weight: 400;\"> Posadas<\/span><br \/>\n<b>Ubicaci\u00f3n: <\/b><span style=\"font-weight: 400;\">-27.36129, -55.89389<\/span><\/p>\n<p><iframe loading=\"lazy\" style=\"border: 0;\" src=\"https:\/\/www.google.com\/maps\/embed?pb=!1m18!1m12!1m3!1d3543.461790144119!2d-55.896078686757456!3d-27.36128998293644!2m3!1f0!2f0!3f0!3m2!1i1024!2i768!4f13.1!3m3!1m2!1s0x0%3A0x0!2zMjfCsDIxJzQwLjYiUyA1NcKwNTMnMzguMCJX!5e0!3m2!1ses!2sar!4v1550347683128\" width=\"600\" height=\"450\" frameborder=\"0\" allowfullscreen=\"allowfullscreen\"><\/iframe><br \/>\n<b>Tel\u00e9fono de contacto: <\/b><span style=\"font-weight: 400;\">&nbsp;0376 4423143<\/span><br \/>\n<b>Correo Electr\u00f3nico:<\/b><span style=\"font-weight: 400;\"> isfd691@gmail.com<\/span><\/p>\n<h3><b>Carrera: <\/b><b>T\u00e9cnico Superior en Producci\u00f3n Art\u00edstica Integral<\/b><\/h3>\n<p><b>Descripci\u00f3n:<\/b><br \/>\n<span style=\"font-weight: 400;\">El Productor Art\u00edstico Integral trabajar\u00e1 de manera te\u00f3rico-pr\u00e1ctica respondiendo a los nuevos paradigmas de la producci\u00f3n art\u00edstica que vincula a las TIC con la integraci\u00f3n de los lenguajes art\u00edsticos:<\/span><\/p>\n<ul>\n<li><span style=\"font-weight: 400;\"> Producci\u00f3n, an\u00e1lisis y procesamiento integral de los lenguajes art\u00edsticos<\/span><\/li>\n<li><span style=\"font-weight: 400;\"> Asistencia y operaci\u00f3n de entornos tecnol\u00f3gicos para la producci\u00f3n art\u00edstica.<\/span><\/li>\n<li><span style=\"font-weight: 400;\"> Integraci\u00f3n de equipos multidisciplinarios en &nbsp;organizaciones de eventos art\u00edsticos y de espect\u00e1culos, la industria cultural, galer\u00edas de arte, compa\u00f1\u00edas de danza-teatro, empresas culturales, como as\u00ed tambi\u00e9n al trabajo en los medios masivos de comunicaci\u00f3n, productoras audiovisuales, empresas multimediales, editoriales y fundaciones.<\/span><\/li>\n<\/ul>\n<p><img decoding=\"async\" loading=\"lazy\" class=\"alignnone size-medium wp-image-1690\" src=\"https:\/\/des-mis.infd.edu.ar\/sitio\/wp-content\/uploads\/2018\/12\/aartistica-1000x233.jpg\" alt=\"\" width=\"1000\" height=\"233\" srcset=\"https:\/\/des-mis.infd.edu.ar\/sitio\/wp-content\/uploads\/2018\/12\/aartistica-1000x233.jpg 1000w, https:\/\/des-mis.infd.edu.ar\/sitio\/wp-content\/uploads\/2018\/12\/aartistica-768x179.jpg 768w, https:\/\/des-mis.infd.edu.ar\/sitio\/wp-content\/uploads\/2018\/12\/aartistica-1900x442.jpg 1900w\" sizes=\"(max-width: 1000px) 100vw, 1000px\" \/><\/p>\n<h3><b>Instituto: <\/b><b>Escuela Normal Estados Unidos del Brasil<\/b><\/h3>\n<p><b>Localidad:<\/b><span style=\"font-weight: 400;\"> Posadas<\/span><br \/>\n<b>Ubicaci\u00f3n: <\/b><b>-27.36328, -55.8894<\/b><br \/>\n<iframe loading=\"lazy\" src=\"https:\/\/www.google.com\/maps\/embed?pb=!1m14!1m12!1m3!1d3543.461790144119!2d-55.896078686757456!3d-27.36128998293644!2m3!1f0!2f0!3f0!3m2!1i1024!2i768!4f13.1!5e0!3m2!1ses!2sar!4v1550350291831\" width=\"600\" height=\"450\" frameborder=\"0\" style=\"border:0\" allowfullscreen=\"\"><\/iframe><\/p>\n<p><b>Tel\u00e9fono de contacto: <\/b><span style=\"font-weight: 400;\">&nbsp;<\/span><span style=\"font-weight: 400;\">0376-4423139<\/span><br \/>\n<b>Correo Electr\u00f3nico: <\/b><span style=\"font-weight: 400;\">tecnicaturasuperiorenactuacion@hotmail.com<\/span><br \/>\n&nbsp;<\/p>\n<h3><b>Carrera: <\/b><b>T\u00e9cnico Superior en Actuaci\u00f3n<\/b><\/h3>\n<p><b>Descripci\u00f3n:<\/b><br \/>\n<span style=\"font-weight: 400;\">Son T\u00e9cnicos con especialidad en actuaci\u00f3n,donde podr\u00e1n trabajar socio comunitariamente en producciones art\u00edsticas, desarrollar diversos proyectos y acciones pol\u00edticas y culturales tendientes a la promoci\u00f3n de la actuaci\u00f3n en los campos de las artes esc\u00e9nicas y audiovisuales. Y contribuir al desarrollo del arte, la educaci\u00f3n, la cultura y la sociedad misionera, facilitando la articulaci\u00f3n interdisciplinaria e interinstitucional dentro y fuera de la provincia. Podr\u00e1n desempe\u00f1arse ejerciendo &nbsp;la actuaci\u00f3n en organismos p\u00fablicos y privados, en el \u00e1mbito de las artes esc\u00e9nicas y audiovisuales. Las proyecciones laborales para los T\u00e9cnicos Superiores en Actuaci\u00f3n responden a la creciente demanda de profesionales capacitados producida por las pol\u00edticas de promoci\u00f3n del audiovisual, las artes esc\u00e9nicas y la televisi\u00f3n digital abierta, entre otras, en el marco del desarrollo de nuestra identidad cultural.<\/span><\/p>\n","protected":false},"excerpt":{"rendered":"<p>Instituto: Instituto Superior Profesorado de Artes Ober\u00e1 &nbsp;(ISPAO) Localidad: Ober\u00e1 Ubicaci\u00f3n: -27.48544, -55.10819 Tel\u00e9fono de contacto: 03755-4404033 Correo Electr\u00f3nico: &nbsp;ispaobera@gmail.com Facebook:&nbsp;https:\/\/www.facebook.com\/ISPAO-1484000475261342\/ Carrera: Tecnicatura Superior en Producci\u00f3n Musical Aplicada a la Comunicaci\u00f3n Multimedial Descripci\u00f3n: Esta formaci\u00f3n de &nbsp;t\u00e9cnicos permitir\u00e1 abordar la producci\u00f3n musical desde &nbsp;diferentes perspectivas tales como operadores radiales y televisivos, asistentes &nbsp;de escenarios, as\u00ed &#8230; <a title=\"Actividades Art\u00edsticas &#8211; T\u00e9cnicas\" class=\"read-more\" href=\"https:\/\/des-mis.infd.edu.ar\/sitio\/actividades-artisticas-tecnicas\/\" aria-label=\"More on Actividades Art\u00edsticas &#8211; T\u00e9cnicas\">[+]<\/a><\/p>\n","protected":false},"author":34,"featured_media":0,"parent":0,"menu_order":0,"comment_status":"closed","ping_status":"closed","template":"","meta":[],"acf":[],"_links":{"self":[{"href":"https:\/\/des-mis.infd.edu.ar\/sitio\/wp-json\/wp\/v2\/pages\/1456"}],"collection":[{"href":"https:\/\/des-mis.infd.edu.ar\/sitio\/wp-json\/wp\/v2\/pages"}],"about":[{"href":"https:\/\/des-mis.infd.edu.ar\/sitio\/wp-json\/wp\/v2\/types\/page"}],"author":[{"embeddable":true,"href":"https:\/\/des-mis.infd.edu.ar\/sitio\/wp-json\/wp\/v2\/users\/34"}],"replies":[{"embeddable":true,"href":"https:\/\/des-mis.infd.edu.ar\/sitio\/wp-json\/wp\/v2\/comments?post=1456"}],"version-history":[{"count":21,"href":"https:\/\/des-mis.infd.edu.ar\/sitio\/wp-json\/wp\/v2\/pages\/1456\/revisions"}],"predecessor-version":[{"id":2102,"href":"https:\/\/des-mis.infd.edu.ar\/sitio\/wp-json\/wp\/v2\/pages\/1456\/revisions\/2102"}],"wp:attachment":[{"href":"https:\/\/des-mis.infd.edu.ar\/sitio\/wp-json\/wp\/v2\/media?parent=1456"}],"curies":[{"name":"wp","href":"https:\/\/api.w.org\/{rel}","templated":true}]}}