{"id":2126,"date":"2023-03-10T16:45:11","date_gmt":"2023-03-10T19:45:11","guid":{"rendered":"https:\/\/des-mis.infd.edu.ar\/sitio\/?page_id=2126"},"modified":"2023-03-14T15:07:56","modified_gmt":"2023-03-14T18:07:56","slug":"formacion-para-equipos-directivos","status":"publish","type":"page","link":"https:\/\/des-mis.infd.edu.ar\/sitio\/formacion-para-equipos-directivos\/","title":{"rendered":"Tramos de Formaci\u00f3n para Equipos Directivos"},"content":{"rendered":"\n<div class=\"wp-block-columns alignwide is-layout-flex wp-container-2\">\n<div class=\"wp-block-column has-base-2-background-color has-text-color has-background has-link-color wp-elements-8fd873cf8895295716319825e5e343c7 is-layout-flow\" style=\"color:#000000;padding-top:2em;padding-right:2em;padding-bottom:2em;padding-left:2em\">\n<h2 class=\"wp-block-heading\"><strong>La gesti\u00f3n&nbsp; directiva en su dimensi\u00f3n pol\u00edtica y pedag\u00f3gica. Herramientas para pensar los escenarios presentes.<\/strong><\/h2>\n\n\n\n<p class=\"has-normal-font-size\" style=\"line-height:1.5\">Este tramo de la formaci\u00f3n pretende avanzar en el estudio de dos dimensiones constitutivas del rol del director de nivel superior: la dimensi\u00f3n pedag\u00f3gico- institucional y la dimensi\u00f3n pol\u00edtica. <\/p>\n<\/div>\n<\/div>\n\n\n\n<div class=\"wp-block-columns alignwide is-layout-flex wp-container-11\">\n<div class=\"wp-block-column has-base-background-color has-text-color has-background has-link-color wp-elements-6c683c0decb61da5a2412524ae75166e is-layout-flow\" style=\"color:#000000;padding-top:2em;padding-right:2em;padding-bottom:2em;padding-left:2em\">\n<h1 class=\"has-text-align-center has-accent-color has-text-color wp-block-heading\" id=\"single\" style=\"font-size:35px\">Jornada N\u00b0 1<\/h1>\n\n\n\n<p class=\"has-text-align-center has-normal-font-size\" style=\"line-height:1.5\"><em><strong>El liderazgo pedag\u00f3gico y la planificaci\u00f3n estrat\u00e9gica situacional&nbsp; como aspectos nodales del rol del equipo directivo.<\/strong><\/em><\/p>\n\n\n\n<hr class=\"wp-block-separator has-text-color has-css-opacity has-background is-style-wide\" style=\"background-color:#000000;color:#000000\"\/>\n\n\n\n<p><strong>Objetivos<\/strong><\/p>\n\n\n\n<ul>\n<li>Reconocer la importancia del equipo de conducci\u00f3n como l\u00edderes responsables de la planificaci\u00f3n y de la mejora institucional.<\/li>\n\n\n\n<li>Reflexionar sobre el papel del equipo de conducci\u00f3n como gestores del cambio institucional.<\/li>\n\n\n\n<li>Conocer la importancia de la planificaci\u00f3n estrat\u00e9gica situacional en el fortalecimiento del proyecto educativo de las instituciones educativas del nivel superior.<\/li>\n\n\n\n<li>Identificar herramientas para planificar situacional y estrat\u00e9gicamente en las instituciones educativas.&nbsp;&nbsp;<\/li>\n<\/ul>\n\n\n\n<p><\/p>\n\n\n\n<p><strong>Bibliograf\u00eda<\/strong><\/p>\n\n\n\n<div class=\"wp-block-group is-vertical is-layout-flex wp-container-3\">\n<p>&#8211;<a href=\"https:\/\/des-mis.infd.edu.ar\/sitio\/wp-content\/uploads\/2023\/03\/Huertas-E.-1993.-El-metodo-PES.-Entrevista-con-Carlos-Matus-Ecuador..pdf\" data-type=\"URL\" data-id=\"https:\/\/des-mis.infd.edu.ar\/sitio\/wp-content\/uploads\/2023\/03\/Huertas-E.-1993.-El-metodo-PES.-Entrevista-con-Carlos-Matus-Ecuador..pdf\" target=\"_blank\" rel=\"noreferrer noopener\"><strong>Huertas,<\/strong> E. (1993). <em>El m\u00e9todo PES. Entrevista con Carlos Matus<\/em>, Ecuador.<\/a><\/p>\n\n\n\n<p>&#8211;<a rel=\"noreferrer noopener\" href=\"https:\/\/des-mis.infd.edu.ar\/sitio\/wp-content\/uploads\/2023\/03\/Fernandez-Arroyo-N.-2012.-Planificacion-de-politicas-programas-y-proyectos-sociales.-Fundacion-CIPPEC..pdf\" data-type=\"URL\" data-id=\"https:\/\/des-mis.infd.edu.ar\/sitio\/wp-content\/uploads\/2023\/03\/Fernandez-Arroyo-N.-2012.-Planificacion-de-politicas-programas-y-proyectos-sociales.-Fundacion-CIPPEC..pdf\" target=\"_blank\"><strong>Fernandez Arroyo<\/strong>, N. (2012). <em>Planificaci\u00f3n de pol\u00edticas, programas y proyectos sociales.<\/em> Fundaci\u00f3n CIPPEC.<\/a><\/p>\n\n\n\n<p>&#8211;<a rel=\"noreferrer noopener\" href=\"https:\/\/des-mis.infd.edu.ar\/sitio\/wp-content\/uploads\/2023\/03\/Modulo-1.pdf\" data-type=\"URL\" data-id=\"https:\/\/des-mis.infd.edu.ar\/sitio\/wp-content\/uploads\/2023\/03\/Modulo-1.pdf\" target=\"_blank\"><strong>M\u00f3dulo 1:<\/strong> <em>\u201cEl liderazgo pedag\u00f3gico y la planificaci\u00f3n estrat\u00e9gica situacional\u00a0 como aspectos nodales del rol del equipo directivo<\/em><\/a>\u00ab. 2023.<\/p>\n<\/div>\n\n\n\n<p><\/p>\n\n\n\n<p><strong>V\u00eddeos<\/strong><\/p>\n\n\n\n<div class=\"wp-block-group is-vertical is-layout-flex wp-container-4\">\n<p>&#8211;<a rel=\"noreferrer noopener\" href=\"https:\/\/www.youtube.com\/watch?v=eB5lk0nB87w&amp;t=2s&amp;ab_channel=CanalISEP\" data-type=\"URL\" data-id=\"https:\/\/www.youtube.com\/watch?v=eB5lk0nB87w&amp;t=2s&amp;ab_channel=CanalISEP\" target=\"_blank\"><strong>Nicastro<\/strong>, Sandra. (2020) <em>\u00abUna mirada al trabajo de dirigir las escuelas en el escenario actual\u00bb.<\/em><\/a><\/p>\n\n\n\n<p>&#8211;<a rel=\"noreferrer noopener\" href=\"https:\/\/youtu.be\/WdT1h1Xh3_c\" data-type=\"URL\" data-id=\"https:\/\/youtu.be\/WdT1h1Xh3_c\" target=\"_blank\"><strong>Matus,<\/strong> Carlos (1998) Entrevista sobre la planificaci\u00f3n estrat\u00e9gica situacional. <\/a><\/p>\n<\/div>\n\n\n\n<div class=\"wp-block-buttons alignfull is-horizontal is-content-justification-center is-layout-flex wp-container-5\"><\/div>\n<\/div>\n\n\n\n<div class=\"wp-block-column has-base-background-color has-text-color has-background has-link-color wp-elements-e542ba257f1d91564db32822da4401ce is-layout-flow\" style=\"color:#000000;padding-top:2em;padding-right:2em;padding-bottom:2em;padding-left:2em\">\n<h1 class=\"has-text-align-center has-accent-color has-text-color wp-block-heading\" id=\"family\" style=\"font-size:35px\">Jornada N\u00b0 2<\/h1>\n\n\n\n<p class=\"has-text-align-center has-normal-font-size\" style=\"line-height:1.5\"><em><strong>La dimensi\u00f3n pol\u00edtica de la educaci\u00f3n y su recontextualizaci\u00f3n en las instituciones formadoras.<\/strong><\/em><\/p>\n\n\n\n<hr class=\"wp-block-separator has-css-opacity is-style-wide\"\/>\n\n\n\n<p><strong>Objetivos<\/strong><\/p>\n\n\n\n<ul>\n<li>Comprender las pol\u00edticas educativas como proceso&nbsp; de construcci\u00f3n y&nbsp; toma de decisi\u00f3n.<\/li>\n\n\n\n<li>Reconocer el rol&nbsp; del equipo directivo en la recontextualizaci\u00f3n de las pol\u00edticas.<\/li>\n\n\n\n<li>Analizar el&nbsp; marco normativo&nbsp; nacional y provincial vigente para la formaci\u00f3n docente inicial.<\/li>\n\n\n\n<li>Recuperar&nbsp; la importancia de los proyectos educativos institucionales como herramientas articuladas y situadas que orientan el proceso de gesti\u00f3n, innovaci\u00f3n y&nbsp; mejora institucional.<\/li>\n<\/ul>\n\n\n\n<p><strong>Bibliograf\u00eda<\/strong><\/p>\n\n\n\n<div class=\"wp-block-group is-vertical is-layout-flex wp-container-7\">\n<p>&#8211;<a rel=\"noreferrer noopener\" href=\"https:\/\/des-mis.infd.edu.ar\/sitio\/wp-content\/uploads\/2023\/03\/Miranda-E_Una-caja-de-herramientas-para-el-analisis-de-la-trayectoria-de-la-politica-educativa_2011.pdf\" data-type=\"URL\" data-id=\"https:\/\/des-mis.infd.edu.ar\/sitio\/wp-content\/uploads\/2023\/03\/Miranda-E_Una-caja-de-herramientas-para-el-analisis-de-la-trayectoria-de-la-politica-educativa_2011.pdf\" target=\"_blank\"><strong>Miranda,<\/strong> E. (2011).Una caja de herramientas para el an\u00e1lisis de la trayectoria de la pol\u00edtica educativa. En Miranda, E. y Paciulli N.&nbsp; (Edit.) <em>&nbsp;(Re) Pensar la Educaci\u00f3n P\u00fablica<\/em>. Editorial de la ffyh.<\/a><\/p>\n\n\n\n<p><a href=\"https:\/\/des-mis.infd.edu.ar\/sitio\/wp-content\/uploads\/2023\/03\/Modulo-2.pdf\" data-type=\"URL\" data-id=\"https:\/\/des-mis.infd.edu.ar\/sitio\/wp-content\/uploads\/2023\/03\/Modulo-2.pdf\" target=\"_blank\" rel=\"noreferrer noopener\">&#8211;<strong>M\u00f3dulo 2: <\/strong><em>\u201cLa dimensi\u00f3n pol\u00edtica de la educaci\u00f3n y su recontextualizaci\u00f3n en las instituciones formadoras\u201d<\/em>. 2023.<\/a><\/p>\n<\/div>\n\n\n\n<p><\/p>\n\n\n\n<p><strong>Marco Normativo<\/strong><\/p>\n\n\n\n<div class=\"wp-block-group is-vertical is-layout-flex wp-container-8\">\n<p>&#8211;<a rel=\"noreferrer noopener\" href=\"https:\/\/des-mis.infd.edu.ar\/sitio\/wp-content\/uploads\/2023\/03\/Ley-de-Educacion-Nacional-N\u00b0-26206.pdf\" data-type=\"URL\" data-id=\"https:\/\/des-mis.infd.edu.ar\/sitio\/wp-content\/uploads\/2023\/03\/Ley-de-Educacion-Nacional-N\u00b0-26206.pdf\" target=\"_blank\">Ley de Educaci\u00f3n Nacional N\u00b0 26.206\/06<\/a>.<\/p>\n\n\n\n<p>&#8211;<a rel=\"noreferrer noopener\" href=\"https:\/\/des-mis.infd.edu.ar\/sitio\/wp-content\/uploads\/2023\/03\/RCFE_24-07.pdf\" data-type=\"URL\" data-id=\"https:\/\/des-mis.infd.edu.ar\/sitio\/wp-content\/uploads\/2023\/03\/RCFE_24-07.pdf\" target=\"_blank\">Resoluci\u00f3n Consejo Federal de Educaci\u00f3n N\u00b0 24\/07<\/a>.<\/p>\n\n\n\n<p>&#8211;<a rel=\"noreferrer noopener\" href=\"https:\/\/des-mis.infd.edu.ar\/sitio\/wp-content\/uploads\/2023\/03\/Res.-CFE-140-11.pdf\" data-type=\"URL\" data-id=\"https:\/\/des-mis.infd.edu.ar\/sitio\/wp-content\/uploads\/2023\/03\/Res.-CFE-140-11.pdf\" target=\"_blank\">Resoluci\u00f3n Consejo Federal de Educaci\u00f3n N\u00b0 140\/11<\/a>.<\/p>\n\n\n\n<p>&#8211;<a rel=\"noreferrer noopener\" href=\"https:\/\/des-mis.infd.edu.ar\/sitio\/wp-content\/uploads\/2023\/03\/RCFE_285-16.pdf\" data-type=\"URL\" data-id=\"https:\/\/des-mis.infd.edu.ar\/sitio\/wp-content\/uploads\/2023\/03\/RCFE_285-16.pdf\" target=\"_blank\">Resoluci\u00f3n Consejo Federal de Educaci\u00f3n N\u00b0 285\/16<\/a>.<\/p>\n\n\n\n<p>&#8211;<a rel=\"noreferrer noopener\" href=\"https:\/\/des-mis.infd.edu.ar\/sitio\/wp-content\/uploads\/2023\/03\/RCFE_337-18.pdf\" data-type=\"URL\" data-id=\"https:\/\/des-mis.infd.edu.ar\/sitio\/wp-content\/uploads\/2023\/03\/RCFE_337-18.pdf\" target=\"_blank\">Resoluci\u00f3n Consejo Federal de Educaci\u00f3n N\u00b0 337\/18<\/a>.<\/p>\n\n\n\n<p>&#8211;<a rel=\"noreferrer noopener\" href=\"https:\/\/des-mis.infd.edu.ar\/sitio\/wp-content\/uploads\/2023\/03\/Ley-General-de-Educacion-de-la-provincia-de-Misiones-VI-N-104.pdf\" data-type=\"URL\" data-id=\"https:\/\/des-mis.infd.edu.ar\/sitio\/wp-content\/uploads\/2023\/03\/Ley-General-de-Educacion-de-la-provincia-de-Misiones-VI-N-104.pdf\" target=\"_blank\">LEY VI &#8211; N\u00ba 104<\/a>.<\/p>\n\n\n\n<p><a href=\"https:\/\/des-mis.infd.edu.ar\/sitio\/wp-content\/uploads\/2023\/03\/RES051MCECyT27MAR2019_RAM.pdf\" data-type=\"URL\" data-id=\"https:\/\/des-mis.infd.edu.ar\/sitio\/wp-content\/uploads\/2023\/03\/RES051MCECyT27MAR2019_RAM.pdf\" target=\"_blank\" rel=\"noreferrer noopener\">-Resoluci\u00f3n&nbsp; Ministerio de Cultura, Educaci\u00f3n, Ciencia y Tecnolog\u00eda N\u00b0 051\/19.<\/a><\/p>\n\n\n\n<p>&#8211;<a rel=\"noreferrer noopener\" href=\"https:\/\/des-mis.infd.edu.ar\/sitio\/wp-content\/uploads\/2023\/03\/RES143MECyT20JUL2022_Reglamento-de-Practicas-Docentes.pdf\" data-type=\"URL\" data-id=\"https:\/\/des-mis.infd.edu.ar\/sitio\/wp-content\/uploads\/2023\/03\/RES143MECyT20JUL2022_Reglamento-de-Practicas-Docentes.pdf\" target=\"_blank\">Resoluci\u00f3n&nbsp; Ministerio de Cultura, Educaci\u00f3n, Ciencia y Tecnolog\u00eda N\u00b0 143\/22<\/a>.<\/p>\n\n\n\n<p>&#8211;<a rel=\"noreferrer noopener\" href=\"https:\/\/des-mis.infd.edu.ar\/sitio\/wp-content\/uploads\/2023\/03\/Disposicion-CGE-Misiones_196_2018.pdf\" data-type=\"URL\" data-id=\"https:\/\/des-mis.infd.edu.ar\/sitio\/wp-content\/uploads\/2023\/03\/Disposicion-CGE-Misiones_196_2018.pdf\" target=\"_blank\">Disposici\u00f3n Consejo General de Educaci\u00f3n- Direcci\u00f3n de Educaci\u00f3n Superior N\u00b0 196\/18<\/a>.<\/p>\n<\/div>\n\n\n\n<div class=\"wp-block-buttons alignfull is-horizontal is-content-justification-center is-layout-flex wp-container-9\"><\/div>\n<\/div>\n<\/div>\n","protected":false},"excerpt":{"rendered":"<p>La gesti\u00f3n&nbsp; directiva en su dimensi\u00f3n pol\u00edtica y pedag\u00f3gica. Herramientas para pensar los escenarios presentes. Este tramo de la formaci\u00f3n pretende avanzar en el estudio de dos dimensiones constitutivas del rol del director de nivel superior: la dimensi\u00f3n pedag\u00f3gico- institucional y la dimensi\u00f3n pol\u00edtica. Jornada N\u00b0 1 El liderazgo pedag\u00f3gico y la planificaci\u00f3n estrat\u00e9gica situacional&nbsp; &#8230; <a title=\"Tramos de Formaci\u00f3n para Equipos Directivos\" class=\"read-more\" href=\"https:\/\/des-mis.infd.edu.ar\/sitio\/formacion-para-equipos-directivos\/\" aria-label=\"More on Tramos de Formaci\u00f3n para Equipos Directivos\">[+]<\/a><\/p>\n","protected":false},"author":3073,"featured_media":0,"parent":0,"menu_order":0,"comment_status":"closed","ping_status":"closed","template":"","meta":[],"acf":[],"_links":{"self":[{"href":"https:\/\/des-mis.infd.edu.ar\/sitio\/wp-json\/wp\/v2\/pages\/2126"}],"collection":[{"href":"https:\/\/des-mis.infd.edu.ar\/sitio\/wp-json\/wp\/v2\/pages"}],"about":[{"href":"https:\/\/des-mis.infd.edu.ar\/sitio\/wp-json\/wp\/v2\/types\/page"}],"author":[{"embeddable":true,"href":"https:\/\/des-mis.infd.edu.ar\/sitio\/wp-json\/wp\/v2\/users\/3073"}],"replies":[{"embeddable":true,"href":"https:\/\/des-mis.infd.edu.ar\/sitio\/wp-json\/wp\/v2\/comments?post=2126"}],"version-history":[{"count":9,"href":"https:\/\/des-mis.infd.edu.ar\/sitio\/wp-json\/wp\/v2\/pages\/2126\/revisions"}],"predecessor-version":[{"id":2166,"href":"https:\/\/des-mis.infd.edu.ar\/sitio\/wp-json\/wp\/v2\/pages\/2126\/revisions\/2166"}],"wp:attachment":[{"href":"https:\/\/des-mis.infd.edu.ar\/sitio\/wp-json\/wp\/v2\/media?parent=2126"}],"curies":[{"name":"wp","href":"https:\/\/api.w.org\/{rel}","templated":true}]}}